{"id":4936,"date":"2026-03-13T12:42:43","date_gmt":"2026-03-13T01:42:43","guid":{"rendered":"https:\/\/www.babou-plongee.com\/blog\/?page_id=4936"},"modified":"2026-03-13T13:09:58","modified_gmt":"2026-03-13T02:09:58","slug":"location-kayak-hienghene-caledonie","status":"publish","type":"page","link":"https:\/\/www.babou-plongee.com\/blog\/location-kayak-hienghene-caledonie\/","title":{"rendered":"Faire du Kayak \u00e0 Hiengh\u00e8ne"},"content":{"rendered":"<h2 data-section-id=\"1pr3i52\" data-start=\"186\" data-end=\"256\">Location de kayak \u00e0 Hiengh\u00e8ne \u2013 Explorez la lagune de Lind\u00e9ralique en toute libert\u00e9<\/h2>\n<p data-start=\"258\" data-end=\"459\">Envie de d\u00e9couvrir la lagune autrement ? Avec la <strong data-start=\"307\" data-end=\"350\">location de kayak chez Babou C\u00f4t\u00e9 Oc\u00e9an<\/strong>, partez pour une balade inoubliable au c\u0153ur de la nature pr\u00e9serv\u00e9e de <span class=\"hover:entity-accent entity-underline inline cursor-pointer align-baseline\"><span class=\"whitespace-normal\">Hiengh\u00e8ne<\/span><\/span>.<\/p>\n<p data-start=\"461\" data-end=\"818\">\u00c0 quelques coups de pagaie du centre de plong\u00e9e, vous glisserez sur les eaux calmes et abrit\u00e9es de la lagune toute proche, au pied des spectaculaires roches noires de <span class=\"hover:entity-accent entity-underline inline cursor-pointer align-baseline\"><span class=\"whitespace-normal\">Lind\u00e9ralique<\/span><\/span>.<\/p>\n<p data-start=\"461\" data-end=\"818\">Entre mangrove, reliefs majestueux et paysages sauvages typiques de cette partie de la c\u00f4te Est de la Nouvelle-Cal\u00e9donie, le kayak est sans doute la meilleure fa\u00e7on d\u2019explorer la lagune en toute tranquillit\u00e9.<\/p>\n<p data-start=\"461\" data-end=\"818\"><a href=\"https:\/\/www.babou-plongee.com\/blog\/wp-content\/uploads\/2026\/03\/kayak-babou-hienghene.jpg\"><img loading=\"lazy\" decoding=\"async\" class=\"alignnone wp-image-4943 size-medium\" src=\"https:\/\/www.babou-plongee.com\/blog\/wp-content\/uploads\/2026\/03\/kayak-babou-hienghene-744x419.jpg\" alt=\"Kayaks multicolores rang\u00e9s devant le centre de location Babou C\u00f4te Oc\u00e9an \u00e0 Hiengh\u00e8ne en Nouvelle-Cal\u00e9donie\" width=\"744\" height=\"419\" srcset=\"https:\/\/www.babou-plongee.com\/blog\/wp-content\/uploads\/2026\/03\/kayak-babou-hienghene-744x419.jpg 744w, https:\/\/www.babou-plongee.com\/blog\/wp-content\/uploads\/2026\/03\/kayak-babou-hienghene-420x236.jpg 420w, https:\/\/www.babou-plongee.com\/blog\/wp-content\/uploads\/2026\/03\/kayak-babou-hienghene.jpg 1200w\" sizes=\"(max-width: 744px) 100vw, 744px\" \/><\/a><\/p>\n<h3 data-section-id=\"wo9wx3\" data-start=\"820\" data-end=\"861\">Une activit\u00e9 nature accessible \u00e0 tous<\/h3>\n<p data-start=\"863\" data-end=\"1064\">La location de kayak est id\u00e9ale pour une <strong data-start=\"904\" data-end=\"950\">sortie en couple, en famille ou entre amis<\/strong>. Aucune exp\u00e9rience particuli\u00e8re n\u2019est n\u00e9cessaire : il suffit de pagayer tranquillement et de profiter du paysage.<\/p>\n<p data-start=\"1066\" data-end=\"1330\">Selon votre rythme, la balade peut se faire en <strong data-start=\"1113\" data-end=\"1129\">environ 1h30<\/strong>, mais la plupart des visiteurs prennent le temps d\u2019explorer la lagune pendant <strong data-start=\"1208\" data-end=\"1224\">2 \u00e0 3 heures<\/strong>, pour admirer les paysages, observer les oiseaux marins et savourer le calme de cet environnement unique.<\/p>\n<p data-start=\"1066\" data-end=\"1330\"><a href=\"https:\/\/www.babou-plongee.com\/blog\/wp-content\/uploads\/2026\/03\/excursion-kayak-plage-hienghene-nouvelle-caledonie.jpg\"><img loading=\"lazy\" decoding=\"async\" class=\"alignnone wp-image-4942 size-medium\" src=\"https:\/\/www.babou-plongee.com\/blog\/wp-content\/uploads\/2026\/03\/excursion-kayak-plage-hienghene-nouvelle-caledonie-744x419.jpg\" alt=\"Les kayaks color\u00e9s vous attendent, bien rang\u00e9s pr\u00e8s de la plage chez Babou C\u00f4t\u00e9 Oc\u00e9an \u00e0 Hiengh\u00e8ne\" width=\"744\" height=\"419\" srcset=\"https:\/\/www.babou-plongee.com\/blog\/wp-content\/uploads\/2026\/03\/excursion-kayak-plage-hienghene-nouvelle-caledonie-744x419.jpg 744w, https:\/\/www.babou-plongee.com\/blog\/wp-content\/uploads\/2026\/03\/excursion-kayak-plage-hienghene-nouvelle-caledonie-420x236.jpg 420w, https:\/\/www.babou-plongee.com\/blog\/wp-content\/uploads\/2026\/03\/excursion-kayak-plage-hienghene-nouvelle-caledonie.jpg 1200w\" sizes=\"(max-width: 744px) 100vw, 744px\" \/><\/a><\/p>\n<h3 data-section-id=\"fa2kgp\" data-start=\"1332\" data-end=\"1363\">Tarifs de location de kayak<\/h3>\n<p data-start=\"1365\" data-end=\"1423\">La location se fait <strong data-start=\"1385\" data-end=\"1421\">au forfait (matin ou apr\u00e8s-midi)<\/strong> :<\/p>\n<ul data-start=\"1425\" data-end=\"1490\">\n<li data-section-id=\"1w8uh1w\" data-start=\"1425\" data-end=\"1457\">\n<p data-start=\"1427\" data-end=\"1457\"><strong data-start=\"1427\" data-end=\"1443\">Kayak simple<\/strong> : 1 500 CFP<\/p>\n<\/li>\n<li data-section-id=\"1y2n4dk\" data-start=\"1458\" data-end=\"1490\">\n<p data-start=\"1460\" data-end=\"1490\"><strong data-start=\"1460\" data-end=\"1476\">Kayak double<\/strong> : 3 000 CFP<\/p>\n<\/li>\n<\/ul>\n<h3 data-section-id=\"7it2o4\" data-start=\"1492\" data-end=\"1548\">Une exp\u00e9rience authentique sur la lagune de Lind\u00e9ralique \u00e0 Hiengh\u00e8ne<\/h3>\n<p data-start=\"1550\" data-end=\"1865\">Depuis notre base de <strong data-start=\"1571\" data-end=\"1591\">Babou C\u00f4t\u00e9 Oc\u00e9an<\/strong>, vous acc\u00e9dez directement \u00e0 l\u2019un des plus beaux paysages de la r\u00e9gion. Cette activit\u00e9 est parfaite pour compl\u00e9ter une journ\u00e9e de plong\u00e9e ou de d\u00e9couverte de <span class=\"hover:entity-accent entity-underline inline cursor-pointer align-baseline\"><span class=\"whitespace-normal\">Hiengh\u00e8ne<\/span><\/span>, c\u00e9l\u00e8bre pour ses formations rocheuses et son lagon inscrit au patrimoine mondial de l\u2019UNESCO.<\/p>\n<p data-start=\"1867\" data-end=\"1965\">Prenez le temps de pagayer, d\u2019observer la nature et de vivre un moment de libert\u00e9 au fil de l\u2019eau.<\/p>\n<p data-start=\"1867\" data-end=\"1965\"><a href=\"https:\/\/www.babou-plongee.com\/blog\/wp-content\/uploads\/2026\/03\/location-kayak-hienghene-lagune-linderalique.jpg\"><img loading=\"lazy\" decoding=\"async\" class=\"alignnone wp-image-4944 size-medium\" src=\"https:\/\/www.babou-plongee.com\/blog\/wp-content\/uploads\/2026\/03\/location-kayak-hienghene-lagune-linderalique-744x496.jpg\" alt=\"Groupe de kayakeurs naviguant \u00e0 l'entr\u00e9e de la lagune de Lind\u00e9ralique \u00e0 Hiengh\u00e8ne en Nouvelle-Cal\u00e9donie\" width=\"744\" height=\"496\" srcset=\"https:\/\/www.babou-plongee.com\/blog\/wp-content\/uploads\/2026\/03\/location-kayak-hienghene-lagune-linderalique-744x496.jpg 744w, https:\/\/www.babou-plongee.com\/blog\/wp-content\/uploads\/2026\/03\/location-kayak-hienghene-lagune-linderalique-420x280.jpg 420w, https:\/\/www.babou-plongee.com\/blog\/wp-content\/uploads\/2026\/03\/location-kayak-hienghene-lagune-linderalique.jpg 1200w\" sizes=\"(max-width: 744px) 100vw, 744px\" \/><\/a><\/p>\n<p data-start=\"1867\" data-end=\"1965\">De tr\u00e8s nombreuses activit\u00e9s vous attendent \u00e0 Hiengh\u00e8ne: y compris <a href=\"https:\/\/www.babou-plongee.com\/blog\/a-savoir-si-vous-venez-chez-babou-hienghene-nouvelle-caledonie\/\">les activit\u00e9s propos\u00e9es par Babou C\u00f4t\u00e9 Oc\u00e9an<\/a>.<\/p>\n","protected":false},"excerpt":{"rendered":"<p class=\"post-excerpt\">Location de kayak \u00e0 Hiengh\u00e8ne \u2013 Explorez la lagune de Lind\u00e9ralique en toute libert\u00e9 Envie de d\u00e9couvrir la lagune autrement&hellip;<\/p>\n<div class=\"link-more\"><a href=\"https:\/\/www.babou-plongee.com\/blog\/location-kayak-hienghene-caledonie\/\">Continue reading<span class=\"screen-reader-text\"> \"Faire du Kayak \u00e0 Hiengh\u00e8ne\"<\/span>&hellip;<\/a><\/div>","protected":false},"author":1,"featured_media":4945,"parent":0,"menu_order":0,"comment_status":"closed","ping_status":"closed","template":"","meta":{"_seopress_robots_primary_cat":"","_seopress_titles_title":"Location de kayak \u00e0 Hiengh\u00e8ne \u2013 Lagune | Babou C\u00f4t\u00e9 Oc\u00e9an","_seopress_titles_desc":"Location de kayak \u00e0 Hiengh\u00e8ne avec Babou C\u00f4t\u00e9 Oc\u00e9an. Explorez la lagune et les roches noires de Lind\u00e9ralique en balade nature accessible \u00e0 tous.","_seopress_robots_index":"","footnotes":""},"class_list":["post-4936","page","type-page","status-publish","has-post-thumbnail","hentry"],"_links":{"self":[{"href":"https:\/\/www.babou-plongee.com\/blog\/wp-json\/wp\/v2\/pages\/4936"}],"collection":[{"href":"https:\/\/www.babou-plongee.com\/blog\/wp-json\/wp\/v2\/pages"}],"about":[{"href":"https:\/\/www.babou-plongee.com\/blog\/wp-json\/wp\/v2\/types\/page"}],"author":[{"embeddable":true,"href":"https:\/\/www.babou-plongee.com\/blog\/wp-json\/wp\/v2\/users\/1"}],"replies":[{"embeddable":true,"href":"https:\/\/www.babou-plongee.com\/blog\/wp-json\/wp\/v2\/comments?post=4936"}],"version-history":[{"count":3,"href":"https:\/\/www.babou-plongee.com\/blog\/wp-json\/wp\/v2\/pages\/4936\/revisions"}],"predecessor-version":[{"id":4952,"href":"https:\/\/www.babou-plongee.com\/blog\/wp-json\/wp\/v2\/pages\/4936\/revisions\/4952"}],"wp:featuredmedia":[{"embeddable":true,"href":"https:\/\/www.babou-plongee.com\/blog\/wp-json\/wp\/v2\/media\/4945"}],"wp:attachment":[{"href":"https:\/\/www.babou-plongee.com\/blog\/wp-json\/wp\/v2\/media?parent=4936"}],"curies":[{"name":"wp","href":"https:\/\/api.w.org\/{rel}","templated":true}]}}