{"id":4836,"date":"2026-02-24T10:33:34","date_gmt":"2026-02-23T23:33:34","guid":{"rendered":"https:\/\/www.babou-plongee.com\/blog\/?page_id=4836"},"modified":"2026-03-24T19:08:17","modified_gmt":"2026-03-24T08:08:17","slug":"temperature-de-leau-a-hienghene","status":"publish","type":"page","link":"https:\/\/www.babou-plongee.com\/blog\/temperature-de-leau-a-hienghene\/","title":{"rendered":"Temp\u00e9rature de l&rsquo;eau \u00e0 Hiengh\u00e8ne"},"content":{"rendered":"<h3 id=\"aujourd'hui\">Aujourd&rsquo;hui l&rsquo;eau est \u00e0 :<\/h3>\n<p><a href=\"https:\/\/seatemperature.info\" target=\"_blank\"  rel=\"nofollow\" ><img loading=\"lazy\" decoding=\"async\" class=\"alignnone\" src=\"https:\/\/i0.wp.com\/seatemperature.info\/widget\/17718931552996.png?resize=240%2C90&#038;ssl=1\" alt=\"Sea water temperature\" width=\"240\" height=\"90\" data-recalc-dims=\"1\" \/><\/a><\/p>\n<p><em>Les informations fournies sur cette page proviennent de\u00a0<a href=\"https:\/\/seatemperature.info\/fr\/hienghene-temperature-de-leau-de-la-mer.html\" target=\"_blank\" rel=\"nofollow noopener\" rel=\"nofollow\" ><strong>Seatemperature.info<\/strong><\/a><\/em><\/p>\n<h3 id=\"temp\u00e9ratures-mensuelles-:\">Temp\u00e9ratures mensuelles :<\/h3>\n<div class=\"x2\">\n<div class=\"x15\">\n<div class=\"x5\">\n<p style=\"text-align: left;\">Ces chiffres ci-dessous montrent les temp\u00e9ratures mensuelles de la mer, minimales, maximales et moyennes \u00e0 Hiengh\u00e8ne.<\/p>\n<p style=\"text-align: left;\">Les valeurs sont calcul\u00e9es sur la base des donn\u00e9es des 10 derni\u00e8res ann\u00e9es.<\/p>\n<table style=\"border-collapse: collapse; width: 100%;\">\n<tbody>\n<tr style=\"height: 43px;\">\n<td style=\"width: 42.24%; height: 43px;\">Mois<\/td>\n<td style=\"width: 20.16%; height: 43px;\">Moyen.<\/td>\n<td style=\"width: 17.6%; height: 43px;\">Min<\/td>\n<td style=\"height: 43px; width: 26.24%;\">Max<\/td>\n<\/tr>\n<tr class=\"k5 t9\" style=\"height: 43px;\">\n<td class=\"k4\" style=\"width: 42.24%; height: 43px;\">janvier<\/td>\n<td style=\"width: 20.16%; height: 43px;\">27.9\u00b0C<\/td>\n<td style=\"width: 17.6%; height: 43px;\">26.2\u00b0C<\/td>\n<td style=\"height: 43px; width: 26.24%;\">29.4\u00b0C<\/td>\n<\/tr>\n<tr class=\"k5 t9\" style=\"height: 42px;\">\n<td class=\"k4\" style=\"width: 42.24%; height: 42px;\">f\u00e9vrier<\/td>\n<td style=\"width: 20.16%; height: 42px;\">28.2\u00b0C<\/td>\n<td style=\"width: 17.6%; height: 42px;\">27.1\u00b0C<\/td>\n<td style=\"height: 42px; width: 26.24%;\">29.9\u00b0C<\/td>\n<\/tr>\n<tr class=\"k5 t9\" style=\"height: 42px;\">\n<td class=\"k4\" style=\"width: 42.24%; height: 42px;\">mars<\/td>\n<td style=\"width: 20.16%; height: 42px;\">28.1\u00b0C<\/td>\n<td style=\"width: 17.6%; height: 42px;\">26.7\u00b0C<\/td>\n<td style=\"height: 42px; width: 26.24%;\">29.7\u00b0C<\/td>\n<\/tr>\n<tr class=\"k5 t9\" style=\"height: 42px;\">\n<td class=\"k4\" style=\"width: 42.24%; height: 42px;\">avril<\/td>\n<td style=\"width: 20.16%; height: 42px;\">27.3\u00b0C<\/td>\n<td style=\"width: 17.6%; height: 42px;\">26.1\u00b0C<\/td>\n<td style=\"height: 42px; width: 26.24%;\">28.6\u00b0C<\/td>\n<\/tr>\n<tr class=\"k5 t9\" style=\"height: 42px;\">\n<td class=\"k4\" style=\"width: 42.24%; height: 42px;\">mai<\/td>\n<td style=\"width: 20.16%; height: 42px;\">26.2\u00b0C<\/td>\n<td style=\"width: 17.6%; height: 42px;\">24.8\u00b0C<\/td>\n<td style=\"height: 42px; width: 26.24%;\">27.8\u00b0C<\/td>\n<\/tr>\n<tr class=\"k5 t9\" style=\"height: 42px;\">\n<td class=\"k4\" style=\"width: 42.24%; height: 42px;\">juin<\/td>\n<td style=\"width: 20.16%; height: 42px;\">25.1\u00b0C<\/td>\n<td style=\"width: 17.6%; height: 42px;\">23.7\u00b0C<\/td>\n<td style=\"height: 42px; width: 26.24%;\">26.7\u00b0C<\/td>\n<\/tr>\n<tr class=\"k5 t9\" style=\"height: 42px;\">\n<td class=\"k4\" style=\"width: 42.24%; height: 42px;\">juillet<\/td>\n<td style=\"width: 20.16%; height: 42px;\">24.4\u00b0C<\/td>\n<td style=\"width: 17.6%; height: 42px;\">23.3\u00b0C<\/td>\n<td style=\"height: 42px; width: 26.24%;\">25.6\u00b0C<\/td>\n<\/tr>\n<tr class=\"k5 t9\" style=\"height: 42px;\">\n<td class=\"k4\" style=\"width: 42.24%; height: 42px;\">ao\u00fbt<\/td>\n<td style=\"width: 20.16%; height: 42px;\">24\u00b0C<\/td>\n<td style=\"width: 17.6%; height: 42px;\">23.2\u00b0C<\/td>\n<td style=\"height: 42px; width: 26.24%;\">25.6\u00b0C<\/td>\n<\/tr>\n<tr class=\"k5 t9\" style=\"height: 42px;\">\n<td class=\"k4\" style=\"width: 42.24%; height: 42px;\">septembre<\/td>\n<td style=\"width: 20.16%; height: 42px;\">24.3\u00b0C<\/td>\n<td style=\"width: 17.6%; height: 42px;\">23.3\u00b0C<\/td>\n<td style=\"height: 42px; width: 26.24%;\">26.5\u00b0C<\/td>\n<\/tr>\n<tr class=\"k5 t9\" style=\"height: 42px;\">\n<td class=\"k4\" style=\"width: 42.24%; height: 42px;\">octobre<\/td>\n<td style=\"width: 20.16%; height: 42px;\">25.1\u00b0C<\/td>\n<td style=\"width: 17.6%; height: 42px;\">23.6\u00b0C<\/td>\n<td style=\"height: 42px; width: 26.24%;\">27.1\u00b0C<\/td>\n<\/tr>\n<tr class=\"k5 t9\" style=\"height: 42px;\">\n<td class=\"k4\" style=\"width: 42.24%; height: 42px;\">novembre<\/td>\n<td style=\"width: 20.16%; height: 42px;\">26.1\u00b0C<\/td>\n<td style=\"width: 17.6%; height: 42px;\">24.4\u00b0C<\/td>\n<td style=\"height: 42px; width: 26.24%;\">28.1\u00b0C<\/td>\n<\/tr>\n<tr class=\"k5 t9\" style=\"height: 42px;\">\n<td class=\"k4\" style=\"width: 42.24%; height: 42px;\">d\u00e9cembre<\/td>\n<td style=\"width: 20.16%; height: 42px;\">27.2\u00b0C<\/td>\n<td style=\"width: 17.6%; height: 42px;\">25.6\u00b0C<\/td>\n<td style=\"height: 42px; width: 26.24%;\">28.9\u00b0C<\/td>\n<\/tr>\n<\/tbody>\n<\/table>\n<p>&nbsp;<\/p>\n<\/div>\n<div><\/div>\n<\/div>\n<\/div>\n<div class=\"x22\"><\/div>\n<p>&nbsp;<\/p>\n","protected":false},"excerpt":{"rendered":"<div class=\"entry-summary\">\nAujourd&rsquo;hui l&rsquo;eau est \u00e0 : Les informations fournies sur cette page proviennent de\u00a0Seatemperature.info Temp\u00e9ratures mensuelles : Ces chiffres ci-dessous montrent&hellip;\n<\/div>\n<div class=\"link-more\"><a href=\"https:\/\/www.babou-plongee.com\/blog\/temperature-de-leau-a-hienghene\/\" class=\"more-link\">Voir la suite<span class=\"screen-reader-text\"> &ldquo;Temp\u00e9rature de l&rsquo;eau \u00e0 Hiengh\u00e8ne&rdquo;<\/span>&hellip;<\/a><\/div>\n","protected":false},"author":1,"featured_media":0,"parent":0,"menu_order":0,"comment_status":"closed","ping_status":"closed","template":"","meta":{"_seopress_robots_primary_cat":"","_seopress_titles_title":"","_seopress_titles_desc":"","_seopress_robots_index":"","footnotes":""},"class_list":["post-4836","page","type-page","status-publish","hentry","entry"],"jetpack_sharing_enabled":true,"_links":{"self":[{"href":"https:\/\/www.babou-plongee.com\/blog\/wp-json\/wp\/v2\/pages\/4836"}],"collection":[{"href":"https:\/\/www.babou-plongee.com\/blog\/wp-json\/wp\/v2\/pages"}],"about":[{"href":"https:\/\/www.babou-plongee.com\/blog\/wp-json\/wp\/v2\/types\/page"}],"author":[{"embeddable":true,"href":"https:\/\/www.babou-plongee.com\/blog\/wp-json\/wp\/v2\/users\/1"}],"replies":[{"embeddable":true,"href":"https:\/\/www.babou-plongee.com\/blog\/wp-json\/wp\/v2\/comments?post=4836"}],"version-history":[{"count":3,"href":"https:\/\/www.babou-plongee.com\/blog\/wp-json\/wp\/v2\/pages\/4836\/revisions"}],"predecessor-version":[{"id":4991,"href":"https:\/\/www.babou-plongee.com\/blog\/wp-json\/wp\/v2\/pages\/4836\/revisions\/4991"}],"wp:attachment":[{"href":"https:\/\/www.babou-plongee.com\/blog\/wp-json\/wp\/v2\/media?parent=4836"}],"curies":[{"name":"wp","href":"https:\/\/api.w.org\/{rel}","templated":true}]}}