{"id":3639,"date":"2023-12-14T15:16:58","date_gmt":"2023-12-14T04:16:58","guid":{"rendered":"https:\/\/www.babou-plongee.com\/blog\/?page_id=3639"},"modified":"2023-12-14T15:47:30","modified_gmt":"2023-12-14T04:47:30","slug":"recevoir-les-news-de-chez-babou","status":"publish","type":"page","link":"https:\/\/www.babou-plongee.com\/blog\/recevoir-les-news-de-chez-babou\/","title":{"rendered":"Recevoir les New&rsquo;s de chez Babou"},"content":{"rendered":"<form class=\"inf-form\" action=\"https:\/\/newsletter.infomaniak.com\/external\/submit\" method=\"post\" target=\"_blank\"><input style=\"display: none;\" name=\"email\" type=\"email\" \/><input name=\"key\" type=\"hidden\" value=\"eyJpdiI6InhsWUw5ckhlZDNLWmJObGFpVHQ2bFp6UVVvMWJMU01KeEtqV1lFWko4dHc9IiwidmFsdWUiOiI3UHdNUWNJbUo0SUQxMmV6QUNJczZ6R2d5XC95S1wvRWpvMjJTczdOY2JLWm89IiwibWFjIjoiOWYxY2ZiZmJlYjgxY2ZkOWQ2NDU5ZDk3NzQ3NTczODBkNWZjM2NjMThjZGYxMDA5NTIxYWQxMjY1ZTAwNTMzZiJ9\" \/><input name=\"webform_id\" type=\"hidden\" value=\"14811\" \/><\/p>\n<p>La Newsletter de chez <strong>Babou C\u00f4t\u00e9 Oc\u00e9an<\/strong> vous permet de garder un lien privil\u00e9gi\u00e9 avec nous.<\/p>\n<p>Nous y partageons ce qui fait notre quotidien (<em>articles, photos, infos &amp; bien plus encore<\/em> \ud83d\ude42 ).<\/p>\n<style> .inf-main_2e11fe8529da207b7f069d6477a41368{ background-color:#f5f5f5; padding:25px 20px; margin:25px auto; } .inf-main_2e11fe8529da207b7f069d6477a41368 .inf-content { margin-top:13px;} .inf-main_2e11fe8529da207b7f069d6477a41368 h4, .inf-main_2e11fe8529da207b7f069d6477a41368 span, .inf-main_2e11fe8529da207b7f069d6477a41368 label, .inf-main_2e11fe8529da207b7f069d6477a41368 input, .inf-main_2e11fe8529da207b7f069d6477a41368 .inf-submit, .inf-main_2e11fe8529da207b7f069d6477a41368 .inf-success p a { color:#555555; font-size:14px; } .inf-main_2e11fe8529da207b7f069d6477a41368 h4{ font-size:18px; margin:0px 0px 13px 0px; } .inf-main_2e11fe8529da207b7f069d6477a41368 h4, .inf-main_2e11fe8529da207b7f069d6477a41368 label{ font-weight:bold; } .inf-main_2e11fe8529da207b7f069d6477a41368 .inf-input { margin-bottom:7px; } .inf-main_2e11fe8529da207b7f069d6477a41368 label { display:block;} .inf-main_2e11fe8529da207b7f069d6477a41368 input{ height:35px; color:#999999; border: 1px solid #E9E9E9; border:none; padding-left:7px; } .inf-main_2e11fe8529da207b7f069d6477a41368 .inf-input.inf-error label, .inf-main_2e11fe8529da207b7f069d6477a41368 .inf-input.inf-error span.inf-message{ color: #cc0033; } .inf-main_2e11fe8529da207b7f069d6477a41368 .inf-input.inf-error input{ border: 1px solid #cc0033; } .inf-main_2e11fe8529da207b7f069d6477a41368 .inf-input input { width:100%;} .inf-main_2e11fe8529da207b7f069d6477a41368 .inf-input.inf-error span.inf-message { display: block; } .inf-main_2e11fe8529da207b7f069d6477a41368 .inf-submit { text-align:right;} .inf-main_2e11fe8529da207b7f069d6477a41368 .inf-submit input{ background-color:#777777; color:#ffffff; border:none; font-weight: normal; height:auto; padding:7px; } .inf-main_2e11fe8529da207b7f069d6477a41368 .inf-submit input.disabled{ opacity: 0.4; } .inf-btn { color: rgb(85, 85, 85); border: medium none; font-weight: normal; height: auto; padding: 7px; display: inline-block; background-color: white; box-shadow: 0px 1px 1px rgba(0, 0, 0, 0.24); border-radius: 2px; line-height: 1em; } .inf-rgpd { margin:25px 0px 15px 0px; color:#555555; } <\/style>\n<div class=\"inf-main_2e11fe8529da207b7f069d6477a41368\">\n<h4 id=\"s'inscrire-\u00e0-notre-newsletter\">S&rsquo;inscrire \u00e0 notre Newsletter<\/h4>\n<div class=\"inf-success\" style=\"display: none;\">\n<h4 id=\"votre-inscription-a-\u00e9t\u00e9-enre\">Votre inscription a \u00e9t\u00e9 enregistr\u00e9e avec succ\u00e8s !<\/h4>\n<p><a class=\"inf-btn\" href=\"#\">\u00ab<\/a><\/p>\n<\/div>\n<div class=\"inf-content\">\n<div class=\"inf-input inf-input-text\"><input name=\"inf[1]\" required=\"required\" type=\"text\" placeholder=\"Email\" data-inf-meta=\"1\" data-inf-error=\"Merci de renseigner une adresse email\" \/><\/div>\n<div class=\"inf-submit\"><input name=\"\" type=\"submit\" value=\"Valider\" \/><\/div>\n<\/div>\n<\/div>\n<\/form>\n<p><em>Vous pourrez bien s\u00fbr vous d\u00e9sinscrire \u00e0 tout moment en utilisant le lien int\u00e9gr\u00e9 en bas de chacun de nos mails.<\/em><\/p>\n","protected":false},"excerpt":{"rendered":"<p class=\"post-excerpt\">La Newsletter de chez Babou C\u00f4t\u00e9 Oc\u00e9an vous permet de garder un lien privil\u00e9gi\u00e9 avec nous. Nous y partageons ce&hellip;<\/p>\n<div class=\"link-more\"><a href=\"https:\/\/www.babou-plongee.com\/blog\/recevoir-les-news-de-chez-babou\/\">Continue reading<span class=\"screen-reader-text\"> \"Recevoir les New&rsquo;s de chez Babou\"<\/span>&hellip;<\/a><\/div>","protected":false},"author":1,"featured_media":0,"parent":0,"menu_order":0,"comment_status":"closed","ping_status":"closed","template":"","meta":{"_seopress_robots_primary_cat":"","_seopress_titles_title":"","_seopress_titles_desc":"","_seopress_robots_index":"","footnotes":""},"class_list":["post-3639","page","type-page","status-publish","hentry"],"_links":{"self":[{"href":"https:\/\/www.babou-plongee.com\/blog\/wp-json\/wp\/v2\/pages\/3639"}],"collection":[{"href":"https:\/\/www.babou-plongee.com\/blog\/wp-json\/wp\/v2\/pages"}],"about":[{"href":"https:\/\/www.babou-plongee.com\/blog\/wp-json\/wp\/v2\/types\/page"}],"author":[{"embeddable":true,"href":"https:\/\/www.babou-plongee.com\/blog\/wp-json\/wp\/v2\/users\/1"}],"replies":[{"embeddable":true,"href":"https:\/\/www.babou-plongee.com\/blog\/wp-json\/wp\/v2\/comments?post=3639"}],"version-history":[{"count":3,"href":"https:\/\/www.babou-plongee.com\/blog\/wp-json\/wp\/v2\/pages\/3639\/revisions"}],"predecessor-version":[{"id":3739,"href":"https:\/\/www.babou-plongee.com\/blog\/wp-json\/wp\/v2\/pages\/3639\/revisions\/3739"}],"wp:attachment":[{"href":"https:\/\/www.babou-plongee.com\/blog\/wp-json\/wp\/v2\/media?parent=3639"}],"curies":[{"name":"wp","href":"https:\/\/api.w.org\/{rel}","templated":true}]}}