{"id":2318,"date":"2019-06-08T13:07:42","date_gmt":"2019-06-08T02:07:42","guid":{"rendered":"http:\/\/www.babou-plongee.com\/blog\/?page_id=2318"},"modified":"2024-11-24T12:54:05","modified_gmt":"2024-11-24T01:54:05","slug":"quelques-photos-de-babou-cote-ocean","status":"publish","type":"page","link":"https:\/\/www.babou-plongee.com\/blog\/quelques-photos-de-babou-cote-ocean\/","title":{"rendered":"Quelques photos"},"content":{"rendered":"<p>Voici les derni\u00e8res photos prises \u00e0 <b>Hiengh\u00e8ne en Nouvelle Cal\u00e9donie<\/b><br \/>\nlors des sorties plong\u00e9e, randonn\u00e9e palm\u00e9e, promenade en mer, &#8230;<\/p>\n<p><!-- LightWidget WIDGET --><script src=\"https:\/\/cdn.lightwidget.com\/widgets\/lightwidget.js\"><\/script><iframe class=\"lightwidget-widget\" style=\"width: 100%; border: 0; overflow: hidden;\" src=\"https:\/\/cdn.lightwidget.com\/widgets\/99394f1df406543ca85fe5929f94b17c.html\" scrolling=\"no\"><\/iframe><\/p>\n","protected":false},"excerpt":{"rendered":"<div class=\"entry-summary\">\nVoici les derni\u00e8res photos prises \u00e0 Hiengh\u00e8ne en Nouvelle Cal\u00e9donie lors des sorties plong\u00e9e, randonn\u00e9e palm\u00e9e, promenade en mer, &#8230;\n<\/div>\n<div class=\"link-more\"><a href=\"https:\/\/www.babou-plongee.com\/blog\/quelques-photos-de-babou-cote-ocean\/\" class=\"more-link\">Voir la suite<span class=\"screen-reader-text\"> &ldquo;Quelques photos&rdquo;<\/span>&hellip;<\/a><\/div>\n","protected":false},"author":1,"featured_media":0,"parent":0,"menu_order":0,"comment_status":"closed","ping_status":"closed","template":"","meta":{"_seopress_robots_primary_cat":"","_seopress_titles_title":"","_seopress_titles_desc":"","_seopress_robots_index":"","footnotes":""},"class_list":["post-2318","page","type-page","status-publish","hentry","entry"],"jetpack_sharing_enabled":true,"_links":{"self":[{"href":"https:\/\/www.babou-plongee.com\/blog\/wp-json\/wp\/v2\/pages\/2318"}],"collection":[{"href":"https:\/\/www.babou-plongee.com\/blog\/wp-json\/wp\/v2\/pages"}],"about":[{"href":"https:\/\/www.babou-plongee.com\/blog\/wp-json\/wp\/v2\/types\/page"}],"author":[{"embeddable":true,"href":"https:\/\/www.babou-plongee.com\/blog\/wp-json\/wp\/v2\/users\/1"}],"replies":[{"embeddable":true,"href":"https:\/\/www.babou-plongee.com\/blog\/wp-json\/wp\/v2\/comments?post=2318"}],"version-history":[{"count":3,"href":"https:\/\/www.babou-plongee.com\/blog\/wp-json\/wp\/v2\/pages\/2318\/revisions"}],"predecessor-version":[{"id":4194,"href":"https:\/\/www.babou-plongee.com\/blog\/wp-json\/wp\/v2\/pages\/2318\/revisions\/4194"}],"wp:attachment":[{"href":"https:\/\/www.babou-plongee.com\/blog\/wp-json\/wp\/v2\/media?parent=2318"}],"curies":[{"name":"wp","href":"https:\/\/api.w.org\/{rel}","templated":true}]}}