{"id":2031,"date":"2018-09-29T00:20:20","date_gmt":"2018-09-28T13:20:20","guid":{"rendered":"http:\/\/www.babou-plongee.com\/blog\/?page_id=2031"},"modified":"2026-04-09T16:12:00","modified_gmt":"2026-04-09T05:12:00","slug":"promenade-en-mer-et-en-riviere","status":"publish","type":"page","link":"https:\/\/www.babou-plongee.com\/blog\/accueil\/promenade-en-mer-et-en-riviere\/","title":{"rendered":"Promenade en bateau \u00e0 Hiengh\u00e8ne : une excursion inoubliable en Nouvelle-Cal\u00e9donie"},"content":{"rendered":"<h2 id=\"babou-c\u00f4t\u00e9-oc\u00e9an-vous-propo\"><span style=\"font-size: 14pt;\">Babou C\u00f4t\u00e9 Oc\u00e9an vous propose une sortie en mer \u00e0 Hiengh\u00e8ne entre paysages exceptionnels et sites embl\u00e9matiques.<\/span><\/h2>\n<p data-start=\"144\" data-end=\"328\">Pendant deux heures, laissez-vous guider au fil de l\u2019eau au d\u00e9part de la tribu de Koulnou\u00e9 \u00e0 Hiengh\u00e8ne, l&rsquo;un des plus beaux paysage de Nouvelle-Cal\u00e9donie.<\/p>\n<p data-start=\"507\" data-end=\"703\">Tout au long de cette excursion en mer \u00e0 Hiengh\u00e8ne, profitez de panoramas \u00e0 couper le souffle : plages sauvages, mythique rocher du Billet de 500, Poule Couveuse de Hiengh\u00e8ne et en toile de fond les majestueuses montagnes verdoyantes.<\/p>\n<p data-start=\"507\" data-end=\"703\"><a href=\"https:\/\/www.babou-plongee.com\/blog\/wp-content\/uploads\/2023\/12\/Babou-Cote-Ocean-145535.jpg\"><img loading=\"lazy\" decoding=\"async\" class=\"alignnone wp-image-3703 size-medium\" title=\"Promenade en mer \u00e0 Hienghene Nouvelle-Caledonie\" src=\"https:\/\/www.babou-plongee.com\/blog\/wp-content\/uploads\/2023\/12\/Babou-Cote-Ocean-145535-744x419.jpg\" alt=\"Embarquez avec Babou C\u00f4t\u00e9 Oc\u00e9an pour une promenade en mer inoubliable \u00e0 la d\u00e9couverte des Roches de Lind\u00e9ralique\" width=\"744\" height=\"419\" srcset=\"https:\/\/www.babou-plongee.com\/blog\/wp-content\/uploads\/2023\/12\/Babou-Cote-Ocean-145535-744x419.jpg 744w, https:\/\/www.babou-plongee.com\/blog\/wp-content\/uploads\/2023\/12\/Babou-Cote-Ocean-145535-420x236.jpg 420w, https:\/\/www.babou-plongee.com\/blog\/wp-content\/uploads\/2023\/12\/Babou-Cote-Ocean-145535.jpg 1200w\" sizes=\"(max-width: 744px) 100vw, 744px\" \/><\/a><\/p>\n<p data-start=\"507\" data-end=\"703\">A l&rsquo;entr\u00e9e de la rivi\u00e8re, admirez les spectaculaires roches, la c\u00e9l\u00e8bre \u00ab Poule Couveuse\u00bb, le Sphinx et des paysages de mangrove \u00e0 couper le soufle.<\/p>\n<p data-start=\"507\" data-end=\"703\">D\u00e9couvrez la baie et le village de Hiengh\u00e8ne sous un angle unique\u2026<\/p>\n<p><a href=\"https:\/\/www.babou-plongee.com\/blog\/wp-content\/uploads\/2023\/12\/Babou-Cote-Ocean-.jpg\"><img loading=\"lazy\" decoding=\"async\" class=\"alignnone wp-image-3704 size-medium\" title=\"Poule Couveuse de Hiengh\u00e8ne\" src=\"https:\/\/www.babou-plongee.com\/blog\/wp-content\/uploads\/2023\/12\/Babou-Cote-Ocean--744x419.jpg\" alt=\"Majeutueux rocher en forme de poule couveuse dans la baie de Hiengh\u00e8ne en Nouvelle-Cal\u00e9donie\" width=\"744\" height=\"419\" srcset=\"https:\/\/www.babou-plongee.com\/blog\/wp-content\/uploads\/2023\/12\/Babou-Cote-Ocean--744x419.jpg 744w, https:\/\/www.babou-plongee.com\/blog\/wp-content\/uploads\/2023\/12\/Babou-Cote-Ocean--420x236.jpg 420w, https:\/\/www.babou-plongee.com\/blog\/wp-content\/uploads\/2023\/12\/Babou-Cote-Ocean-.jpg 1200w\" sizes=\"(max-width: 744px) 100vw, 744px\" \/><\/a><\/p>\n<h2 id=\"changement-d\u2019ambiance-en-rem\" data-start=\"52\" data-end=\"102\"><span style=\"font-size: 14pt;\">Changement d\u2019ambiance en remontant la rivi\u00e8re \u00e0 la d\u00e9couverte de la mangrove de Hiengh\u00e8ne<\/span><\/h2>\n<p data-start=\"104\" data-end=\"368\">La mangrove de Hiengh\u00e8ne prend le relais et borde les rives d\u2019une v\u00e9g\u00e9tation dense.<\/p>\n<p data-start=\"104\" data-end=\"368\">Le bateau glisse en douceur sur l&rsquo;eau, vous plongeant au c\u0153ur de cet \u00e9cosyst\u00e8me unique, o\u00f9 votre guide vous fera d\u00e9couvrir les diff\u00e9rentes esp\u00e8ces de pal\u00e9tuviers et leurs secrets.<\/p>\n<p data-start=\"104\" data-end=\"368\"><a href=\"https:\/\/www.babou-plongee.com\/blog\/wp-content\/uploads\/2023\/12\/Babou-Cote-Ocean-0423.jpg\"><img loading=\"lazy\" decoding=\"async\" class=\"alignnone wp-image-3707 size-medium\" title=\"Mangrove de Hiengh\u00e8ne\" src=\"https:\/\/www.babou-plongee.com\/blog\/wp-content\/uploads\/2023\/12\/Babou-Cote-Ocean-0423-744x496.jpg\" alt=\"Paysage de mangrove et de pal\u00e9tuviers lors d'une promenage en mer avec Babou C\u00f4t\u00e9 Oc\u00e9an\" width=\"744\" height=\"496\" srcset=\"https:\/\/www.babou-plongee.com\/blog\/wp-content\/uploads\/2023\/12\/Babou-Cote-Ocean-0423-744x496.jpg 744w, https:\/\/www.babou-plongee.com\/blog\/wp-content\/uploads\/2023\/12\/Babou-Cote-Ocean-0423-420x280.jpg 420w, https:\/\/www.babou-plongee.com\/blog\/wp-content\/uploads\/2023\/12\/Babou-Cote-Ocean-0423.jpg 1200w\" sizes=\"(max-width: 744px) 100vw, 744px\" \/><\/a><\/p>\n<h2 id=\"une-belle-immersion-dans-la-qu\" data-start=\"370\" data-end=\"537\"><span style=\"font-size: 14pt;\">Une belle immersion dans la qui\u00e9tude locale au fil de la rivi\u00e8re<\/span><\/h2>\n<p data-start=\"370\" data-end=\"537\">Au fil de l\u2019eau, la vie locale se d\u00e9voile : pirogues traditionnelles, habitations en bord de rivi\u00e8re\u2026 et souvent, les sourires des enfants qui vous saluent au passage.<\/p>\n<p data-start=\"370\" data-end=\"537\">Un moment authentique, entre nature, culture et d\u00e9couverte, id\u00e9al pour une visite de Hiengh\u00e8ne hors des sentiers battus.<\/p>\n<p><a href=\"https:\/\/www.babou-plongee.com\/blog\/wp-content\/uploads\/2023\/12\/Babou-Cote-Ocean-0433.jpg\"><img loading=\"lazy\" decoding=\"async\" class=\"alignnone wp-image-3705 size-medium\" title=\"Rivi\u00e8re de Hiengh\u00e8ne vue du bateau\" src=\"https:\/\/www.babou-plongee.com\/blog\/wp-content\/uploads\/2023\/12\/Babou-Cote-Ocean-0433-744x496.jpg\" alt=\"Majestueux d\u00e9cors entourant la rivi\u00e8re de Hiengh\u00e8ne lors d'une promenage en mer avec Babou C\u00f4t\u00e9 Oc\u00e9an.\" width=\"744\" height=\"496\" srcset=\"https:\/\/www.babou-plongee.com\/blog\/wp-content\/uploads\/2023\/12\/Babou-Cote-Ocean-0433-744x496.jpg 744w, https:\/\/www.babou-plongee.com\/blog\/wp-content\/uploads\/2023\/12\/Babou-Cote-Ocean-0433-420x280.jpg 420w, https:\/\/www.babou-plongee.com\/blog\/wp-content\/uploads\/2023\/12\/Babou-Cote-Ocean-0433.jpg 1200w\" sizes=\"(max-width: 744px) 100vw, 744px\" \/><\/a><\/p>\n<p>Petit apper\u00e7u en vid\u00e9o de ce que vous pourrez voir pendant la balade :<\/p>\n<p><iframe loading=\"lazy\" src=\"\/\/www.youtube.com\/embed\/at609WmBqgs\" width=\"744\" height=\"417\" allowfullscreen=\"allowfullscreen\"><\/iframe><\/p>\n<h2 id=\"que-faire-d'autre-\u00e0-hiengh\u00e8n\"><span style=\"font-size: 14pt;\">Que faire d&rsquo;autre \u00e0 Hiengh\u00e8ne : activit\u00e9s incontournables en Nouvelle-Cal\u00e9donie<\/span><\/h2>\n<p>A Hiengh\u00e8ne vous pourrez aussi faire de la plong\u00e9e, du snorkeling, louer un kayak, sortir aux \u00eelots, faire de la rando, aller en tribu d\u00e9couvrir la vie locale&#8230;<\/p>\n<ul>\n<li style=\"list-style-type: none;\">\n<ul>\n<li>Prenez le temps de visiter notre page <a href=\"https:\/\/www.babou-plongee.com\/blog\/a-savoir-si-vous-venez-chez-babou-hienghene-nouvelle-caledonie\/\">Infos pratiques &amp; activit\u00e9s<\/a>.<\/li>\n<\/ul>\n<\/li>\n<\/ul>\n","protected":false},"excerpt":{"rendered":"<p class=\"post-excerpt\">Babou C\u00f4t\u00e9 Oc\u00e9an vous propose une sortie en mer \u00e0 Hiengh\u00e8ne entre paysages exceptionnels et sites embl\u00e9matiques. Pendant deux heures,&hellip;<\/p>\n<div class=\"link-more\"><a href=\"https:\/\/www.babou-plongee.com\/blog\/accueil\/promenade-en-mer-et-en-riviere\/\">Continue reading<span class=\"screen-reader-text\"> \"Promenade en bateau \u00e0 Hiengh\u00e8ne : une excursion inoubliable en Nouvelle-Cal\u00e9donie\"<\/span>&hellip;<\/a><\/div>","protected":false},"author":1,"featured_media":5110,"parent":2000,"menu_order":0,"comment_status":"closed","ping_status":"closed","template":"","meta":{"_seopress_robots_primary_cat":"","_seopress_titles_title":"Excursion promenade en mer \u00e0 Hiengh\u00e8ne | Babou C\u00f4t\u00e9 Oc\u00e9an","_seopress_titles_desc":"D\u00e9couvrez Hiengh\u00e8ne en bateau avec Babou C\u00f4t\u00e9 Oc\u00e9an : Roches de Lind\u00e9ralique, Poule Couveuse, mangrove et paysages uniques de Nouvelle-Cal\u00e9donie.","_seopress_robots_index":"","footnotes":""},"class_list":["post-2031","page","type-page","status-publish","has-post-thumbnail","hentry"],"_links":{"self":[{"href":"https:\/\/www.babou-plongee.com\/blog\/wp-json\/wp\/v2\/pages\/2031"}],"collection":[{"href":"https:\/\/www.babou-plongee.com\/blog\/wp-json\/wp\/v2\/pages"}],"about":[{"href":"https:\/\/www.babou-plongee.com\/blog\/wp-json\/wp\/v2\/types\/page"}],"author":[{"embeddable":true,"href":"https:\/\/www.babou-plongee.com\/blog\/wp-json\/wp\/v2\/users\/1"}],"replies":[{"embeddable":true,"href":"https:\/\/www.babou-plongee.com\/blog\/wp-json\/wp\/v2\/comments?post=2031"}],"version-history":[{"count":3,"href":"https:\/\/www.babou-plongee.com\/blog\/wp-json\/wp\/v2\/pages\/2031\/revisions"}],"predecessor-version":[{"id":5111,"href":"https:\/\/www.babou-plongee.com\/blog\/wp-json\/wp\/v2\/pages\/2031\/revisions\/5111"}],"up":[{"embeddable":true,"href":"https:\/\/www.babou-plongee.com\/blog\/wp-json\/wp\/v2\/pages\/2000"}],"wp:featuredmedia":[{"embeddable":true,"href":"https:\/\/www.babou-plongee.com\/blog\/wp-json\/wp\/v2\/media\/5110"}],"wp:attachment":[{"href":"https:\/\/www.babou-plongee.com\/blog\/wp-json\/wp\/v2\/media?parent=2031"}],"curies":[{"name":"wp","href":"https:\/\/api.w.org\/{rel}","templated":true}]}}