{"id":2027,"date":"2018-09-29T00:16:31","date_gmt":"2018-09-28T13:16:31","guid":{"rendered":"http:\/\/www.babou-plongee.com\/blog\/?page_id=2027"},"modified":"2026-04-09T12:04:24","modified_gmt":"2026-04-09T01:04:24","slug":"sortie-a-lilot-randonnee-palmee","status":"publish","type":"page","link":"https:\/\/www.babou-plongee.com\/blog\/accueil\/sortie-a-lilot-randonnee-palmee\/","title":{"rendered":"Sortie \u00e0 l&rsquo;\u00eelot &#038; randonn\u00e9e palm\u00e9e"},"content":{"rendered":"<p><span style=\"color: #ff9900;\"><strong>L\u2019activit\u00e9 de randonn\u00e9e palm\u00e9e &amp; sortie \u00e0 l\u2019\u00eelot Hienga<\/strong> est momentan\u00e9ment indisponible (<em>pas de reprise pr\u00e9vue pour le moment \u2026<\/em><em>)<\/em>.<\/span><\/p>\n<table style=\"background-color: #e6dfdf;\">\n<tbody>\n<tr>\n<td style=\"border-style: solid;\"><em>Nous pouvons cependant vous proposer de nous accompagner l\u2019apr\u00e8s-midi pr\u00e8s de l\u2019\u00eelot Hiengabat o\u00f9 vous pourrez faire du snorkeling pendant que nous effectuons les bapt\u00eames de plong\u00e9e.<\/em><\/p>\n<p><em>D\u00e9part \u00e0 15h00 ; retour vers 17h00.<br \/>\nLe co\u00fbt de la sortie est de 2 000 CFP (mat\u00e9riel inclus : PMT, shorty).<\/em><\/td>\n<\/tr>\n<\/tbody>\n<\/table>\n<p><del>Tous les jours nous vous proposons de d\u00e9couvrir le sentier sous-marin de l&rsquo;\u00eelot Hienga.<\/del><\/p>\n<p>L&rsquo;\u00eelot Hienga se situe au large de notre centre et il faut \u00e0 peine une quinzaine de minutes pour s&rsquo;y rendre. Il est inhabit\u00e9 et nous sommes les seuls \u00e0 le fr\u00e9quenter.<\/p>\n<p><a href=\"https:\/\/www.babou-plongee.com\/blog\/wp-content\/uploads\/2023\/12\/Babou-Cote-Ocean-0077.jpg\"><img alt=\"\" loading=\"lazy\" decoding=\"async\" class=\"size-medium wp-image-3694 aligncenter\" src=\"https:\/\/www.babou-plongee.com\/blog\/wp-content\/uploads\/2023\/12\/Babou-Cote-Ocean-0077-744x419.jpg\" alt=\"\" width=\"744\" height=\"419\" srcset=\"https:\/\/www.babou-plongee.com\/blog\/wp-content\/uploads\/2023\/12\/Babou-Cote-Ocean-0077-744x419.jpg 744w, https:\/\/www.babou-plongee.com\/blog\/wp-content\/uploads\/2023\/12\/Babou-Cote-Ocean-0077-420x236.jpg 420w, https:\/\/www.babou-plongee.com\/blog\/wp-content\/uploads\/2023\/12\/Babou-Cote-Ocean-0077.jpg 1200w\" sizes=\"(max-width: 744px) 100vw, 744px\" \/><\/a><\/p>\n<p>Accompagn\u00e9 d&rsquo;un guide et muni du mat\u00e9riel de base (palmes, masque, tuba, combinaison, plaquettes immergeables pr\u00e9sentant la faune et la flore) vous suivrez un sentier balis\u00e9 qui vous permettra de d\u00e9couvrir en toute s\u00e9curit\u00e9 la bio diversit\u00e9 du lieu.<\/p>\n<p>Cette promenade en surface est accessible \u00e0 tous (pas besoin de formation sp\u00e9cifique, pas besoin de capacit\u00e9s physiques exceptionnelles, pas de limites d&rsquo;\u00e2ge). Elle offre une approche ludique et \u00e9ducative du milieu marin, dans le respect des normes de s\u00e9curit\u00e9 et d&rsquo;encadrement.<\/p>\n<p>Le guide vous accueillera et vous informera . Il vous formera \u00e0 l&rsquo;utilisation du mat\u00e9riel de base et assurera votre s\u00e9curit\u00e9 dans l&rsquo;eau. Il animera la s\u00e9ance pour vous faire d\u00e9couvrir les \u00e9cosyst\u00e8mes marins et terrestres et vous sensibilisera sur la fragilit\u00e9 des diff\u00e9rents milieux. Il vous enseignera les mesures de pr\u00e9vention et de protection de l&rsquo;environnement.<\/p>\n<p><a href=\"https:\/\/www.babou-plongee.com\/blog\/wp-content\/uploads\/2023\/12\/Babou-Cote-Ocean-0026.jpg\"><img alt=\"\" loading=\"lazy\" decoding=\"async\" class=\"size-medium wp-image-3697 aligncenter\" src=\"https:\/\/www.babou-plongee.com\/blog\/wp-content\/uploads\/2023\/12\/Babou-Cote-Ocean-0026-744x419.jpg\" alt=\"\" width=\"744\" height=\"419\" srcset=\"https:\/\/www.babou-plongee.com\/blog\/wp-content\/uploads\/2023\/12\/Babou-Cote-Ocean-0026-744x419.jpg 744w, https:\/\/www.babou-plongee.com\/blog\/wp-content\/uploads\/2023\/12\/Babou-Cote-Ocean-0026-420x236.jpg 420w, https:\/\/www.babou-plongee.com\/blog\/wp-content\/uploads\/2023\/12\/Babou-Cote-Ocean-0026.jpg 1200w\" sizes=\"(max-width: 744px) 100vw, 744px\" \/><\/a><\/p>\n<p>Cette visite sera compl\u00e9t\u00e9e par la d\u00e9couverte du sentier botanique am\u00e9nag\u00e9 sur l&rsquo;\u00eelot. De nombreuses plantes vous permettront de d\u00e9couvrir la richesse du lieu.<\/p>\n<p>Vous pourrez \u00e9galement, gr\u00e2ce aux explications du guide, appr\u00e9hender les interactions entre la mer, la terre et la culture m\u00e9lan\u00e9sienne.<\/p>\n<p><a href=\"https:\/\/www.babou-plongee.com\/blog\/wp-content\/uploads\/2023\/12\/Babou-Cote-Ocean-0165.jpg\"><img alt=\"\" loading=\"lazy\" decoding=\"async\" class=\"size-medium wp-image-3699 aligncenter\" src=\"https:\/\/www.babou-plongee.com\/blog\/wp-content\/uploads\/2023\/12\/Babou-Cote-Ocean-0165-744x419.jpg\" alt=\"\" width=\"744\" height=\"419\" srcset=\"https:\/\/www.babou-plongee.com\/blog\/wp-content\/uploads\/2023\/12\/Babou-Cote-Ocean-0165-744x419.jpg 744w, https:\/\/www.babou-plongee.com\/blog\/wp-content\/uploads\/2023\/12\/Babou-Cote-Ocean-0165-420x236.jpg 420w, https:\/\/www.babou-plongee.com\/blog\/wp-content\/uploads\/2023\/12\/Babou-Cote-Ocean-0165.jpg 1200w\" sizes=\"(max-width: 744px) 100vw, 744px\" \/><\/a><\/p>\n<p>Pendant votre s\u00e9jour \u00e0 Hiengh\u00e8ne, pourquoi ne pas d\u00e9couvrir la plong\u00e9e avec bouteille ?<\/p>\n<p>Que ce soit pour un Bapt\u00eame de plong\u00e9e, pour une plong\u00e9e d&rsquo;exploration ou pour une formation d\u00e9couvrez notre\u00a0<a href=\"https:\/\/www.babou-plongee.com\/blog\/ecole-de-plongee\/\">page d\u00e9di\u00e9e pour choisir votre\u00a0<strong>formation plong\u00e9e<\/strong><\/a>, celle <a href=\"https:\/\/www.babou-plongee.com\/blog\/accueil\/plongee\/\">d\u00e9di\u00e9e aux explos<\/a>,<\/p>\n<p>Enfin, organisez votre s\u00e9jour en d\u00e9couvrant les <a href=\"https:\/\/www.babou-plongee.com\/blog\/a-savoir-si-vous-venez-chez-babou-hienghene-nouvelle-caledonie\/\">informations g\u00e9n\u00e9rales si vous venez chez nous<\/a>.<\/p>\n","protected":false},"excerpt":{"rendered":"<p class=\"post-excerpt\">L\u2019activit\u00e9 de randonn\u00e9e palm\u00e9e &amp; sortie \u00e0 l\u2019\u00eelot Hienga est momentan\u00e9ment indisponible (pas de reprise pr\u00e9vue pour le moment \u2026).&hellip;<\/p>\n<div class=\"link-more\"><a href=\"https:\/\/www.babou-plongee.com\/blog\/accueil\/sortie-a-lilot-randonnee-palmee\/\">Continue reading<span class=\"screen-reader-text\"> \"Sortie \u00e0 l&rsquo;\u00eelot &#038; randonn\u00e9e palm\u00e9e\"<\/span>&hellip;<\/a><\/div>","protected":false},"author":1,"featured_media":5108,"parent":2000,"menu_order":0,"comment_status":"closed","ping_status":"closed","template":"","meta":{"_seopress_robots_primary_cat":"","_seopress_titles_title":"Snorkeling et sortie \u00e0 l'\u00eelot \u00e0 Hiengh\u00e8ne | Babou C\u00f4t\u00e9 Oc\u00e9an","_seopress_titles_desc":"Sortie bateau et snorkeling \u00e0 l'\u00eelot. D\u00e9couverte des coraux et des fonds marins en PMT \u00e0 Hiengh\u00e8ne en Nouvelle-Cal\u00e9donie avec Babou C\u00f4t\u00e9 Oc\u00e9an.","_seopress_robots_index":"","footnotes":""},"class_list":["post-2027","page","type-page","status-publish","has-post-thumbnail","hentry"],"_links":{"self":[{"href":"https:\/\/www.babou-plongee.com\/blog\/wp-json\/wp\/v2\/pages\/2027"}],"collection":[{"href":"https:\/\/www.babou-plongee.com\/blog\/wp-json\/wp\/v2\/pages"}],"about":[{"href":"https:\/\/www.babou-plongee.com\/blog\/wp-json\/wp\/v2\/types\/page"}],"author":[{"embeddable":true,"href":"https:\/\/www.babou-plongee.com\/blog\/wp-json\/wp\/v2\/users\/1"}],"replies":[{"embeddable":true,"href":"https:\/\/www.babou-plongee.com\/blog\/wp-json\/wp\/v2\/comments?post=2027"}],"version-history":[{"count":3,"href":"https:\/\/www.babou-plongee.com\/blog\/wp-json\/wp\/v2\/pages\/2027\/revisions"}],"predecessor-version":[{"id":3696,"href":"https:\/\/www.babou-plongee.com\/blog\/wp-json\/wp\/v2\/pages\/2027\/revisions\/3696"}],"up":[{"embeddable":true,"href":"https:\/\/www.babou-plongee.com\/blog\/wp-json\/wp\/v2\/pages\/2000"}],"wp:featuredmedia":[{"embeddable":true,"href":"https:\/\/www.babou-plongee.com\/blog\/wp-json\/wp\/v2\/media\/5108"}],"wp:attachment":[{"href":"https:\/\/www.babou-plongee.com\/blog\/wp-json\/wp\/v2\/media?parent=2027"}],"curies":[{"name":"wp","href":"https:\/\/api.w.org\/{rel}","templated":true}]}}