{"id":2016,"date":"2018-09-28T23:48:58","date_gmt":"2018-09-28T12:48:58","guid":{"rendered":"http:\/\/www.babou-plongee.com\/blog\/?page_id=2016"},"modified":"2026-04-09T11:19:37","modified_gmt":"2026-04-09T00:19:37","slug":"plongee","status":"publish","type":"page","link":"https:\/\/www.babou-plongee.com\/blog\/accueil\/plongee\/","title":{"rendered":"Plong\u00e9e \u00e0 Hiengh\u00e8ne avec Babou C\u00f4t\u00e9 Oc\u00e9an \u2013 Nouvelle-Cal\u00e9donie"},"content":{"rendered":"<p data-start=\"451\" data-end=\"627\">D\u00e9couvrez la <strong data-start=\"1383\" data-end=\"1406\">plong\u00e9e \u00e0 Hiengh\u00e8ne<\/strong> avec <strong data-start=\"1412\" data-end=\"1432\">Babou C\u00f4t\u00e9 Oc\u00e9an<\/strong>, votre <strong data-start=\"1440\" data-end=\"1483\">centre de plong\u00e9e en Nouvelle-Cal\u00e9donie<\/strong> situ\u00e9 sur la c\u00f4te Nord-Est. Profitez d\u2019un accueil chaleureux, d\u2019un encadrement professionnel et de sorties en petits groupes pour une exp\u00e9rience sous-marine authentique et s\u00e9curis\u00e9e.<\/p>\n<h2 id=\"les-explos-en-plong\u00e9e-chez-ba\" data-start=\"451\" data-end=\"627\">Des plong\u00e9es d\u2019exploration confortables et s\u00e9curis\u00e9es<\/h2>\n<p data-start=\"1736\" data-end=\"1997\">Chez <strong data-start=\"1741\" data-end=\"1761\">Babou C\u00f4t\u00e9 Oc\u00e9an<\/strong>, nous organisons des <strong data-start=\"1783\" data-end=\"1821\">plong\u00e9es d\u2019exploration \u00e0 Hiengh\u00e8ne<\/strong> dans des conditions optimales. Nos bateaux Day-Cruisers en aluminium de 8 m\u00e8tres, \u00e9quip\u00e9s de cabine et de taud, garantissent confort et protection contre le soleil et le vent.<\/p>\n<p data-start=\"1999\" data-end=\"2292\">La cabine permet de prot\u00e9ger vos affaires personnelles et votre mat\u00e9riel sensible, notamment pour les passionn\u00e9s de <strong>photographie sous-marine<\/strong>. Les trajets et intervalles de surface se d\u00e9roulent dans un cadre agr\u00e9able, pour des <strong data-start=\"2225\" data-end=\"2266\">sorties plong\u00e9e en Nouvelle-Cal\u00e9donie<\/strong> sans stress ni inconfort.<\/p>\n<p data-start=\"901\" data-end=\"1098\"><a href=\"https:\/\/i0.wp.com\/www.babou-plongee.com\/blog\/wp-content\/uploads\/2023\/12\/Babou-Cote-Ocean-162744.jpg?ssl=1\"><img loading=\"lazy\" decoding=\"async\" class=\"aligncenter wp-image-3664 size-medium\" src=\"https:\/\/i0.wp.com\/www.babou-plongee.com\/blog\/wp-content\/uploads\/2023\/12\/Babou-Cote-Ocean-162744.jpg?resize=744%2C419&#038;ssl=1\" alt=\"Bateau du centre de plong\u00e9e Babou C\u00f4t\u00e9 Oc\u00e9an \u00e0 la plage du centre de plong\u00e9e \u00e0 Hiengh\u00e8ne en Nouvelle-Cal\u00e9donie\" width=\"744\" height=\"419\" srcset=\"https:\/\/i0.wp.com\/www.babou-plongee.com\/blog\/wp-content\/uploads\/2023\/12\/Babou-Cote-Ocean-162744.jpg?resize=744%2C419&amp;ssl=1 744w, https:\/\/i0.wp.com\/www.babou-plongee.com\/blog\/wp-content\/uploads\/2023\/12\/Babou-Cote-Ocean-162744.jpg?resize=420%2C236&amp;ssl=1 420w, https:\/\/i0.wp.com\/www.babou-plongee.com\/blog\/wp-content\/uploads\/2023\/12\/Babou-Cote-Ocean-162744.jpg?w=1200&amp;ssl=1 1200w\" sizes=\"(max-width: 744px) 100vw, 744px\" data-recalc-dims=\"1\" \/><\/a><\/p>\n<p data-start=\"901\" data-end=\"1098\">En partenariat avec Aqualung, nous proposons la <strong data-start=\"2342\" data-end=\"2398\">location de mat\u00e9riel de plong\u00e9e moderne et entretenu<\/strong>, adapt\u00e9e \u00e0 tous les niveaux, de la plong\u00e9e loisir \u00e0 la <strong data-start=\"2454\" data-end=\"2475\">formation plong\u00e9e<\/strong>.<\/p>\n<p data-start=\"901\" data-end=\"1098\"><a href=\"https:\/\/i0.wp.com\/www.babou-plongee.com\/blog\/wp-content\/uploads\/2023\/12\/Babou-Cote-Ocean-0535.jpg?ssl=1\"><img loading=\"lazy\" decoding=\"async\" class=\"aligncenter wp-image-3681 size-medium\" src=\"https:\/\/i0.wp.com\/www.babou-plongee.com\/blog\/wp-content\/uploads\/2023\/12\/Babou-Cote-Ocean-0535.jpg?resize=744%2C496&#038;ssl=1\" alt=\"Equipement de plong\u00e9e de la marque Aqualung utilis\u00e9 par le centre de plong\u00e9e Babou C\u00f4t\u00e9 Oc\u00e9an \u00e0 Hiengh\u00e8ne\" width=\"744\" height=\"496\" srcset=\"https:\/\/i0.wp.com\/www.babou-plongee.com\/blog\/wp-content\/uploads\/2023\/12\/Babou-Cote-Ocean-0535.jpg?resize=744%2C496&amp;ssl=1 744w, https:\/\/i0.wp.com\/www.babou-plongee.com\/blog\/wp-content\/uploads\/2023\/12\/Babou-Cote-Ocean-0535.jpg?resize=420%2C280&amp;ssl=1 420w, https:\/\/i0.wp.com\/www.babou-plongee.com\/blog\/wp-content\/uploads\/2023\/12\/Babou-Cote-Ocean-0535.jpg?w=1200&amp;ssl=1 1200w\" sizes=\"(max-width: 744px) 100vw, 744px\" data-recalc-dims=\"1\" \/><\/a><\/p>\n<h3 data-section-id=\"ihzcqy\" data-start=\"1100\" data-end=\"1131\">Explorer les fonds marins de Hiengh\u00e8ne en Nouvelle-Cal\u00e9donie<\/h3>\n<p data-start=\"1132\" data-end=\"1437\">La <strong data-start=\"2556\" data-end=\"2589\">plong\u00e9e en Nouvelle-Cal\u00e9donie<\/strong> est r\u00e9put\u00e9e dans le monde entier, et Hiengh\u00e8ne offre les sites pr\u00e9serv\u00e9s d\u2019une richesse exceptionnelle. Les <strong data-start=\"2556\" data-end=\"2589\">plong\u00e9es se d\u00e9roulent <\/strong>principalement dans la zone des <strong data-start=\"1232\" data-end=\"1259\">20 m\u00e8tres de profondeur<\/strong>, offrant un \u00e9quilibre parfait entre s\u00e9curit\u00e9 et exploration.<\/p>\n<p data-start=\"1132\" data-end=\"1437\">Chez <strong data-start=\"2836\" data-end=\"2856\">Babou C\u00f4t\u00e9 Oc\u00e9an<\/strong>, nous privil\u00e9gions des <strong data-start=\"2880\" data-end=\"2925\">plong\u00e9es longues et riches en observation<\/strong>, id\u00e9ales pour profiter pleinement des r\u00e9cifs coralliens et de la biodiversit\u00e9 marine.<\/p>\n<p data-start=\"1439\" data-end=\"1639\">Situ\u00e9s dans la zone inscrite au <strong data-start=\"1476\" data-end=\"1510\">Patrimoine Mondial de l&rsquo;Humanit\u00e9 par l\u2019UNESCO<\/strong>, nos sites de plong\u00e9e comptent parmi les plus pr\u00e9serv\u00e9s de la <strong>c\u00f4te Nord-Est de la Nouvelle-Cal\u00e9donie<\/strong>.<\/p>\n<p data-start=\"1439\" data-end=\"1639\"><a href=\"https:\/\/i0.wp.com\/www.babou-plongee.com\/blog\/wp-content\/uploads\/2023\/12\/Babou-Cote-Ocean-7515-1.jpg?ssl=1\"><img loading=\"lazy\" decoding=\"async\" class=\"aligncenter wp-image-3670\" src=\"https:\/\/i0.wp.com\/www.babou-plongee.com\/blog\/wp-content\/uploads\/2023\/12\/Babou-Cote-Ocean-7515-1.jpg?resize=496%2C744&#038;ssl=1\" alt=\"Avec Babou C\u00f4t\u00e9 Oc\u00e9an, plongeuse \u00e9clairant les gorgones \u00e0 Hiengh\u00e8ne, sur un site de plong\u00e9e inscrit au patrimoine UNESCO\" width=\"496\" height=\"744\" srcset=\"https:\/\/i0.wp.com\/www.babou-plongee.com\/blog\/wp-content\/uploads\/2023\/12\/Babou-Cote-Ocean-7515-1.jpg?resize=744%2C1116&amp;ssl=1 744w, https:\/\/i0.wp.com\/www.babou-plongee.com\/blog\/wp-content\/uploads\/2023\/12\/Babou-Cote-Ocean-7515-1.jpg?resize=420%2C630&amp;ssl=1 420w, https:\/\/i0.wp.com\/www.babou-plongee.com\/blog\/wp-content\/uploads\/2023\/12\/Babou-Cote-Ocean-7515-1.jpg?w=800&amp;ssl=1 800w\" sizes=\"(max-width: 496px) 100vw, 496px\" data-recalc-dims=\"1\" \/><\/a><\/p>\n<h2 id=\"une-grande-diversit\u00e9-de-sites\">Une grande diversit\u00e9 de sites de plong\u00e9e \u00e0 Hiengh\u00e8ne<\/h2>\n<p>Avec une dizaine de sites, <strong>Babou C\u00f4t\u00e9 Oc\u00e9an<\/strong> propose une grande vari\u00e9t\u00e9 de <strong>plong\u00e9es \u00e0 Hiengh\u00e8ne<\/strong>, adapt\u00e9es \u00e0 tous les niveaux.<\/p>\n<p>Vous d\u00e9couvrirez une faune marine exceptionnelle, avec de nombreuses esp\u00e8ces sp\u00e9cifiques \u00e0 la <strong data-start=\"3675\" data-end=\"3697\">Nouvelle-Cal\u00e9donie<\/strong><span data-start=\"3675\" data-end=\"3697\"> ainsi qu&rsquo;une architecture incoyable compos\u00e9e d&rsquo;<\/span>arches, de failles, de tunnels et de canyons.<\/p>\n<p>Chaque plong\u00e9e vous laissera un souvenir inoubliable.<\/p>\n<p><a href=\"https:\/\/i0.wp.com\/www.babou-plongee.com\/blog\/wp-content\/uploads\/2023\/12\/Babou-Cote-Ocean-7762.jpg?ssl=1\"><img loading=\"lazy\" decoding=\"async\" class=\"aligncenter wp-image-3668\" src=\"https:\/\/i0.wp.com\/www.babou-plongee.com\/blog\/wp-content\/uploads\/2023\/12\/Babou-Cote-Ocean-7762.jpg?resize=496%2C744&#038;ssl=1\" alt=\"Contre jour en plong\u00e9e \u00e0 Hiengh\u00e8ne. Belles gorgones lors des plong\u00e9es avec Babou C\u00f4t\u00e9 Oc\u00e9an en Nouvelle Cal\u00e9donie.\" width=\"496\" height=\"744\" srcset=\"https:\/\/i0.wp.com\/www.babou-plongee.com\/blog\/wp-content\/uploads\/2023\/12\/Babou-Cote-Ocean-7762.jpg?resize=744%2C1116&amp;ssl=1 744w, https:\/\/i0.wp.com\/www.babou-plongee.com\/blog\/wp-content\/uploads\/2023\/12\/Babou-Cote-Ocean-7762.jpg?resize=420%2C630&amp;ssl=1 420w, https:\/\/i0.wp.com\/www.babou-plongee.com\/blog\/wp-content\/uploads\/2023\/12\/Babou-Cote-Ocean-7762.jpg?w=800&amp;ssl=1 800w\" sizes=\"(max-width: 496px) 100vw, 496px\" data-recalc-dims=\"1\" \/><\/a><\/p>\n<h2 id=\"formation-plong\u00e9e-en-nouvelle\">Formation plong\u00e9e en Nouvelle-Cal\u00e9donie avec Babou C\u00f4t\u00e9 Oc\u00e9an<\/h2>\n<p data-start=\"931\" data-end=\"1066\">Vous souhaitez suivre une <strong data-start=\"957\" data-end=\"1000\">formation plong\u00e9e en Nouvelle-Cal\u00e9donie<\/strong> ou passer un <strong data-start=\"1014\" data-end=\"1035\">niveau de plong\u00e9e<\/strong> dans un cadre exceptionnel ?<\/p>\n<p data-start=\"3830\" data-end=\"3971\">A Hiengh\u00e8ne, en plus des explorations, <strong data-start=\"3856\" data-end=\"3876\">Babou C\u00f4t\u00e9 Oc\u00e9an<\/strong> propose des <strong data-start=\"3889\" data-end=\"3923\">formations de plong\u00e9e sous-marine<\/strong>\u00a0de qualit\u00e9, encadr\u00e9es par des professionnels exp\u00e9riment\u00e9s.<\/p>\n<p data-start=\"3973\" data-end=\"4168\">Que vous soyez d\u00e9butant ou plongeur confirm\u00e9, Hiengh\u00e8ne est lieu id\u00e9al pour progresser \u00e0 votre rytme dans un environnement\u00a0 exceptionnel et s\u00e9curis\u00e9, parfait pour apprendre et se perfectionner en <strong data-start=\"4122\" data-end=\"4167\">plong\u00e9e sous-marine<\/strong>.<\/p>\n<p data-start=\"3973\" data-end=\"4168\">Apprendre \u00e0 plonger \u00e0 Hiengh\u00e8ne, c\u2019est \u00e9galement d\u00e9couvrir des sites magnifiques au coeur d&rsquo;une zone inscrite au <strong data-start=\"2026\" data-end=\"2060\">patrimoine mondial de l&rsquo;Humanit\u00e9.<\/strong><\/p>\n<p data-start=\"2135\" data-end=\"2233\">Consultez notre <a href=\"https:\/\/www.babou-plongee.com\/blog\/ecole-de-plongee\/\">page d\u00e9di\u00e9e pour choisir votre <strong>formation plong\u00e9e<\/strong><\/a> .<\/p>\n<p>Pour organiser votre s\u00e9jour chez\u00a0<strong>Babou C\u00f4t\u00e9 Oc\u00e9an \u00e0 Hienghene<\/strong>, vous pouvez \u00e9galement visiter notre page d\u2019<a href=\"https:\/\/www.babou-plongee.com\/blog\/a-savoir-si-vous-venez-chez-babou-hienghene-nouvelle-caledonie\/\">informations g\u00e9n\u00e9rales<\/a> ainsi que la\u00a0<a href=\"https:\/\/www.babou-plongee.com\/blog\/activite-services\/\">page des services &amp; comodit\u00e9s<\/a>\u00a0que vous trouverez sur place.<\/p>\n<p data-start=\"2135\" data-end=\"2233\"><span style=\"font-size: 14pt;\"><strong><span style=\"color: #ff6600;\">Info &amp; R\u00e9servation :<\/span><\/strong><\/span><\/p>\n<p style=\"padding-left: 40px;\"><strong>BABOU COTE OCEAN<\/strong><br \/>\n<span class=\"html-span xexx8yu xyri2b x18d9i69 x1c1uobl x1hl2dhg x16tdsg8 x1vvkbs x3nfvp2 x1j61x8r x1fcty0u xdj266r xat24cr xm2jcoa x1mpyi22 xxymvpz xlup9mm x1kky2od\"><img loading=\"lazy\" decoding=\"async\" class=\"xz74otr x15mokao x1ga7v0g x16uus16 xbiv7yw\" src=\"https:\/\/static.xx.fbcdn.net\/images\/emoji.php\/v9\/t4d\/1\/16\/1f4de.png\" alt=\"\" width=\"16\" height=\"16\" \/><\/span> <a href=\"tel:+687428359\" target=\"_blank\"  rel=\"nofollow\" >42.83.59<\/a><br \/>\n<span class=\"html-span xexx8yu xyri2b x18d9i69 x1c1uobl x1hl2dhg x16tdsg8 x1vvkbs x3nfvp2 x1j61x8r x1fcty0u xdj266r xat24cr xm2jcoa x1mpyi22 xxymvpz xlup9mm x1kky2od\"><img loading=\"lazy\" decoding=\"async\" class=\"xz74otr x15mokao x1ga7v0g x16uus16 xbiv7yw\" src=\"https:\/\/static.xx.fbcdn.net\/images\/emoji.php\/v9\/tbe\/1\/16\/1f4e7.png\" alt=\"\" width=\"16\" height=\"16\" \/><\/span> info@babou-plongee.com<br \/>\n<span class=\"html-span xexx8yu xyri2b x18d9i69 x1c1uobl x1hl2dhg x16tdsg8 x1vvkbs x3nfvp2 x1j61x8r x1fcty0u xdj266r xat24cr xm2jcoa x1mpyi22 xxymvpz xlup9mm x1kky2od\"><img loading=\"lazy\" decoding=\"async\" class=\"xz74otr x15mokao x1ga7v0g x16uus16 xbiv7yw\" src=\"https:\/\/static.xx.fbcdn.net\/images\/emoji.php\/v9\/taa\/1\/16\/1f310.png\" alt=\"\" width=\"16\" height=\"16\" \/><\/span> <span class=\"html-span xdj266r x14z9mp xat24cr x1lziwak xexx8yu xyri2b x18d9i69 x1c1uobl x1hl2dhg x16tdsg8 x1vvkbs\"><a class=\"x1i10hfl xjbqb8w x1ejq31n x18oe1m7 x1sy0etr xstzfhl x972fbf x10w94by x1qhh985 x14e42zd x9f619 x1ypdohk xt0psk2 x3ct3a4 xdj266r x14z9mp xat24cr x1lziwak xexx8yu xyri2b x18d9i69 x1c1uobl x16tdsg8 x1hl2dhg xggy1nq x1a2a7pz xkrqix3 x1sur9pj x1fey0fg x1s688f\" tabindex=\"0\" role=\"link\" href=\"https:\/\/www.babou-plongee.com\/\" target=\"_blank\" rel=\"nofollow noopener\" rel=\"nofollow\" >www.babou-plongee.com<\/a><br \/>\n<strong>BP 77 &#8211; Hiengh\u00e8ne &#8211; Nouvelle Cal\u00e9donie<\/strong><\/span><\/p>\n<p>\u00ab\u00a0<em>Babou C\u00f4t\u00e9 Oc\u00e9an, centre de plong\u00e9e et de formation plong\u00e9e situ\u00e9 \u00e0 Hiengh\u00e8ne en Nouvelle-Cal\u00e9donie, vous accueille toute l\u2019ann\u00e9e\u00a0\u00bb<\/em>.<\/p>\n","protected":false},"excerpt":{"rendered":"<div class=\"entry-summary\">\nD\u00e9couvrez la plong\u00e9e \u00e0 Hiengh\u00e8ne avec Babou C\u00f4t\u00e9 Oc\u00e9an, votre centre de plong\u00e9e en Nouvelle-Cal\u00e9donie situ\u00e9 sur la c\u00f4te Nord-Est.&hellip;\n<\/div>\n<div class=\"link-more\"><a href=\"https:\/\/www.babou-plongee.com\/blog\/accueil\/plongee\/\" class=\"more-link\">Voir la suite<span class=\"screen-reader-text\"> &ldquo;Plong\u00e9e \u00e0 Hiengh\u00e8ne avec Babou C\u00f4t\u00e9 Oc\u00e9an \u2013 Nouvelle-Cal\u00e9donie&rdquo;<\/span>&hellip;<\/a><\/div>\n","protected":false},"author":1,"featured_media":5103,"parent":2000,"menu_order":0,"comment_status":"closed","ping_status":"closed","template":"","meta":{"_seopress_robots_primary_cat":"","_seopress_titles_title":"Plong\u00e9e \u00e0 Hiengh\u00e8ne. Explo et formations | Babou C\u00f4t\u00e9 Oc\u00e9an","_seopress_titles_desc":"D\u00e9couvrez la plong\u00e9e \u00e0 Hiengh\u00e8ne. Sites dans la zone UNESCO.\r\nBiodiversit\u00e9 exceptionnelle. Bapt\u00eames, explo et formation en Nouvelle-cal\u00e9donie.","_seopress_robots_index":"","footnotes":""},"class_list":["post-2016","page","type-page","status-publish","has-post-thumbnail","hentry","entry"],"jetpack_sharing_enabled":true,"_links":{"self":[{"href":"https:\/\/www.babou-plongee.com\/blog\/wp-json\/wp\/v2\/pages\/2016"}],"collection":[{"href":"https:\/\/www.babou-plongee.com\/blog\/wp-json\/wp\/v2\/pages"}],"about":[{"href":"https:\/\/www.babou-plongee.com\/blog\/wp-json\/wp\/v2\/types\/page"}],"author":[{"embeddable":true,"href":"https:\/\/www.babou-plongee.com\/blog\/wp-json\/wp\/v2\/users\/1"}],"replies":[{"embeddable":true,"href":"https:\/\/www.babou-plongee.com\/blog\/wp-json\/wp\/v2\/comments?post=2016"}],"version-history":[{"count":3,"href":"https:\/\/www.babou-plongee.com\/blog\/wp-json\/wp\/v2\/pages\/2016\/revisions"}],"predecessor-version":[{"id":5107,"href":"https:\/\/www.babou-plongee.com\/blog\/wp-json\/wp\/v2\/pages\/2016\/revisions\/5107"}],"up":[{"embeddable":true,"href":"https:\/\/www.babou-plongee.com\/blog\/wp-json\/wp\/v2\/pages\/2000"}],"wp:featuredmedia":[{"embeddable":true,"href":"https:\/\/www.babou-plongee.com\/blog\/wp-json\/wp\/v2\/media\/5103"}],"wp:attachment":[{"href":"https:\/\/www.babou-plongee.com\/blog\/wp-json\/wp\/v2\/media?parent=2016"}],"curies":[{"name":"wp","href":"https:\/\/api.w.org\/{rel}","templated":true}]}}