{"id":2000,"date":"2018-09-28T22:39:02","date_gmt":"2018-09-28T11:39:02","guid":{"rendered":"http:\/\/www.babou-plongee.com\/blog\/?page_id=2000"},"modified":"2023-12-14T13:34:15","modified_gmt":"2023-12-14T02:34:15","slug":"accueil","status":"publish","type":"page","link":"https:\/\/www.babou-plongee.com\/blog\/accueil\/","title":{"rendered":"L&rsquo;ESPRIT BABOU COTE OCEAN"},"content":{"rendered":"<p>L&rsquo;aventure commence en ao\u00fbt 2000 avec la volont\u00e9 de proposer des prestations diff\u00e9rentes, des plong\u00e9es inoubliables, des formations de qualit\u00e9, des randonn\u00e9es et des excursions hors du commun, des services sur mesure, un accueil personnalis\u00e9.<\/p>\n<p>Nous regroupons ainsi au sein de la m\u00eame structure le centre de plong\u00e9e, la randonn\u00e9e palm\u00e9e ou Snorkeling, l&rsquo;h\u00e9bergement en camping, les promenades en bateau, la location de kayak et bient\u00f4t la location de VTT.<\/p>\n<p>\u00ab\u00a0Une activit\u00e9 pour chacun\u00a0\u00bb pourrait \u00eatre le slogan de Babou C\u00f4t\u00e9 Oc\u00e9an. Nous sommes \u00e0 votre \u00e9coute afin de r\u00e9pondre \u00e0 toutes vos attentes.<\/p>\n<p><a href=\"http:\/\/www.babou-plongee.com\/blog\/wp-content\/uploads\/2017\/10\/GifHopHopHop.gif\"><img alt=\"\" loading=\"lazy\" decoding=\"async\" class=\"size-full wp-image-1084 aligncenter\" src=\"http:\/\/www.babou-plongee.com\/blog\/wp-content\/uploads\/2017\/10\/GifHopHopHop.gif\" alt=\"\" width=\"600\" height=\"80\" \/><\/a><\/p>\n<h1 id=\"la-structure-babou-c\u00d4t\u00c9-oc\u00c9\"><span style=\"font-size: 14pt;\">LA STRUCTURE BABOU C\u00d4T\u00c9 OC\u00c9AN<\/span><\/h1>\n<p>Install\u00e9s au c\u0153ur de la tribu de Koulnou\u00e9, \u00e0 Hiengh\u00e8ne en Province Nord de la Nouvelle Cal\u00e9donie, nous vous proposons une infrastructure compl\u00e8te et moderne.<\/p>\n<p>Notre centre dispose d&rsquo;un local spacieux et confortable situ\u00e9 sur un vaste terrain ombrag\u00e9 avec une plage au bord du lagon (accueil, vestiaire, camping, toilettes, d\u00e9part des bateaux, station de gonflage et local mat\u00e9riel).<\/p>\n<p>Nos bateaux sont situ\u00e9s \u00e0 moins de 50 m\u00e8tres du local. Ils sont sp\u00e9cialement con\u00e7us pour les activit\u00e9s propos\u00e9es.<\/p>\n<p>Dirig\u00e9e par R\u00e9gine et Thierry Baboulenne, Babou C\u00f4t\u00e9 Oc\u00e9an est une structure professionnelle agr\u00e9\u00e9e\u00a0:<\/p>\n<ul style=\"list-style-type: circle;\">\n<li>DJS et Marine Marchande pour la plong\u00e9e et les randonn\u00e9es palm\u00e9e.<\/li>\n<li>Marine Marchande pour le transport et les promenades en mer (ANT 09-010)<\/li>\n<\/ul>\n<p>Nous sommes membre et\/ou partenaire :<\/p>\n<ul style=\"list-style-type: circle;\">\n<li>de l&rsquo;association Nouvelle Cal\u00e9donie Plong\u00e9e,<\/li>\n<li>de l&rsquo;association Nationale des Moniteurs de Plong\u00e9e,<\/li>\n<li>de l&rsquo;association Longitude 181 Nature (protection du milieu marin et le partage plus \u00e9quitable de ses ressources),<\/li>\n<li>de la marque de mat\u00e9riel de plong\u00e9e AQUALUNG,<\/li>\n<li>de la marque d&rsquo;\u00e9clairages sous-marins BERSUB,<\/li>\n<li>de la marque de moteurs Suzuki pour nos bateaux.<\/li>\n<\/ul>\n<h1 id=\"les-plus-de-babou-c\u00d4t\u00c9-oc\u00c9a\"><span style=\"font-size: 14pt;\">LES PLUS DE BABOU C\u00d4T\u00c9 OC\u00c9AN<\/span><\/h1>\n<ul style=\"list-style-type: circle;\">\n<li>Un local spacieux et confortable.<\/li>\n<li>Les spots d&rsquo;activit\u00e9s situ\u00e9s au c\u0153ur de l&rsquo;aire marine prot\u00e9g\u00e9e de Hiengh\u00e8ne.<\/li>\n<li>Un lagon inscrit au patrimoine mondial de l&rsquo;humanit\u00e9 par l&rsquo;UNESCO.<\/li>\n<li>Une activit\u00e9 possible pour chaque membre de la famille.<\/li>\n<li>Notre camping sur place.<\/li>\n<li>Les principaux sites d&rsquo;h\u00e9bergements situ\u00e9s \u00e0 5 ou 10 minutes.<\/li>\n<li>Plus de 10 sites de plong\u00e9e dans la zone des 20 m\u00e8tres (id\u00e9al d\u00e8s le niveau 1).<\/li>\n<li>Un sentier sous-marin et un sentier botanique \u00e0 l&rsquo;\u00eelot tout proche.<\/li>\n<li>La d\u00e9couverte de la cote, de la rivi\u00e8re et de la mangrove en bateau.<\/li>\n<li>Des moniteurs de plong\u00e9e et pilotes professionnels.<\/li>\n<li>L&rsquo;excellente qualit\u00e9 des mat\u00e9riels mis en oeuvre.<\/li>\n<\/ul>\n","protected":false},"excerpt":{"rendered":"<p class=\"post-excerpt\">L&rsquo;aventure commence en ao\u00fbt 2000 avec la volont\u00e9 de proposer des prestations diff\u00e9rentes, des plong\u00e9es inoubliables, des formations de qualit\u00e9,&hellip;<\/p>\n<div class=\"link-more\"><a href=\"https:\/\/www.babou-plongee.com\/blog\/accueil\/\">Continue reading<span class=\"screen-reader-text\"> \"L&rsquo;ESPRIT BABOU COTE OCEAN\"<\/span>&hellip;<\/a><\/div>","protected":false},"author":1,"featured_media":0,"parent":0,"menu_order":0,"comment_status":"closed","ping_status":"closed","template":"","meta":{"_seopress_robots_primary_cat":"","_seopress_titles_title":"","_seopress_titles_desc":"","_seopress_robots_index":"","footnotes":""},"class_list":["post-2000","page","type-page","status-publish","hentry"],"_links":{"self":[{"href":"https:\/\/www.babou-plongee.com\/blog\/wp-json\/wp\/v2\/pages\/2000"}],"collection":[{"href":"https:\/\/www.babou-plongee.com\/blog\/wp-json\/wp\/v2\/pages"}],"about":[{"href":"https:\/\/www.babou-plongee.com\/blog\/wp-json\/wp\/v2\/types\/page"}],"author":[{"embeddable":true,"href":"https:\/\/www.babou-plongee.com\/blog\/wp-json\/wp\/v2\/users\/1"}],"replies":[{"embeddable":true,"href":"https:\/\/www.babou-plongee.com\/blog\/wp-json\/wp\/v2\/comments?post=2000"}],"version-history":[{"count":1,"href":"https:\/\/www.babou-plongee.com\/blog\/wp-json\/wp\/v2\/pages\/2000\/revisions"}],"predecessor-version":[{"id":3717,"href":"https:\/\/www.babou-plongee.com\/blog\/wp-json\/wp\/v2\/pages\/2000\/revisions\/3717"}],"wp:attachment":[{"href":"https:\/\/www.babou-plongee.com\/blog\/wp-json\/wp\/v2\/media?parent=2000"}],"curies":[{"name":"wp","href":"https:\/\/api.w.org\/{rel}","templated":true}]}}