{"id":143,"date":"2016-06-07T00:10:21","date_gmt":"2016-06-06T13:10:21","guid":{"rendered":"http:\/\/www.babou-plongee.com\/blog\/?page_id=143"},"modified":"2017-10-02T17:47:34","modified_gmt":"2017-10-02T06:47:34","slug":"presentation-2","status":"publish","type":"page","link":"https:\/\/www.babou-plongee.com\/blog\/presentation-2\/","title":{"rendered":"Pr\u00e9sentation"},"content":{"rendered":"<p><script>\/\/ <![CDATA[ pup=0; function pop () { if(pup===0) { window.open('http:\/\/www.babou-plongee.com\/Pages\/news.htm','pop','top=0,left=0, width=50%,height=50%,'); pup=1; } } document.onclick=pop; \/\/ ]]><\/script><\/p>\n<table style=\"width: 50%;\" border=\"0\" cellpadding=\"5\">\n<tbody>\n<tr>\n<td><\/td>\n<td><\/td>\n<\/tr>\n<\/tbody>\n<\/table>\n<p style=\"text-align: left;\"><span style=\"font-size: medium;\" data-mce-mark=\"1\"><strong><span style=\"font-family: arial,helvetica,sans-serif;\" data-mce-mark=\"1\">Bienvenue dans le blog de Babou C\u00f4t\u00e9 Oc\u00e9an<\/span><span style=\"color: #ffffff; font-family: arial,helvetica,sans-serif;\" data-mce-mark=\"1\"><br \/>\n<\/span><\/strong><\/span><em><span style=\"color: #3366ff;\" data-mce-mark=\"1\"><span style=\"color: #7191d4;\" data-mce-mark=\"1\">(centre de plong\u00e9e et de randonn\u00e9e palm\u00e9e, promenades en mer et camping\u00a0\u00e0 Hiengh\u00e8ne en Nouvelle Cal\u00e9donie.)<\/span><\/span><\/em><\/p>\n<p>Vous trouverez dans ces pages des infos, des articles et des photos qui vous feront d\u00e9couvrir notre quotidien.<\/p>\n<p>Les r\u00e9cifs de Hiengh\u00e8ne font partie des zones inscrites par l&rsquo;UNESCO sur la prestigieuse liste du Patrimoine Mondial de l&rsquo;Humanit\u00e9 depuis juillet 2008.<\/p>\n<p>Cette inscription est la reconnaissance de la qualit\u00e9 et de la valeur exceptionnelle de ce bien naturel.<\/p>\n<p>L&rsquo;incroyable bio-diversit\u00e9 et le parfait \u00e9tat de conservation actuel des sites\u00a0 m\u00e9ritent bien\u00a0cette reconnaissance.<\/p>\n<p><span style=\"font-size: medium;\" data-mce-mark=\"1\"><strong>Bonne visite &#8211; Thierry Baboulenne.\u00a0\u00a0\u00a0\u00a0\u00a0\u00a0 <a href=\"http:\/\/ekladata.com\/8jhHCBnT4mBG_kJTKVfOztzfyu4.jpg\" target=\"_blank\" rel=\"noopener\"><img loading=\"lazy\" decoding=\"async\" class=\"alignnone\" title=\"Thierry Baboulenne - Cliquer pour agrandir\" src=\"http:\/\/ekladata.com\/8jhHCBnT4mBG_kJTKVfOztzfyu4@150x203.jpg\" alt=\"Thierry Baboulenne - Cliquer pour agrandir\" width=\"150\" height=\"203\" \/><\/a><\/strong><\/span><\/p>\n<p style=\"text-align: center;\"><a href=\"http:\/\/ekladata.com\/-lKKFCRGxN3gF24bN2lzi3FYX-8.gif\"><img decoding=\"async\" class=\"alignleft\" style=\"float: left;\" src=\"http:\/\/ekladata.com\/-lKKFCRGxN3gF24bN2lzi3FYX-8@550x73.gif\" alt=\"Articles, photos &amp; infos\" width=\"530\" \/><\/a><\/p>\n<p>&nbsp;<\/p>\n<p>&nbsp;<\/p>\n<p style=\"text-align: center;\">\n","protected":false},"excerpt":{"rendered":"<p class=\"post-excerpt\">Bienvenue dans le blog de Babou C\u00f4t\u00e9 Oc\u00e9an (centre de plong\u00e9e et de randonn\u00e9e palm\u00e9e, promenades en mer et camping\u00a0\u00e0&hellip;<\/p>\n<div class=\"link-more\"><a href=\"https:\/\/www.babou-plongee.com\/blog\/presentation-2\/\">Continue reading<span class=\"screen-reader-text\"> \"Pr\u00e9sentation\"<\/span>&hellip;<\/a><\/div>","protected":false},"author":1,"featured_media":0,"parent":0,"menu_order":0,"comment_status":"closed","ping_status":"closed","template":"","meta":{"_seopress_robots_primary_cat":"","_seopress_titles_title":"","_seopress_titles_desc":"","_seopress_robots_index":"","footnotes":""},"class_list":["post-143","page","type-page","status-publish","hentry"],"_links":{"self":[{"href":"https:\/\/www.babou-plongee.com\/blog\/wp-json\/wp\/v2\/pages\/143"}],"collection":[{"href":"https:\/\/www.babou-plongee.com\/blog\/wp-json\/wp\/v2\/pages"}],"about":[{"href":"https:\/\/www.babou-plongee.com\/blog\/wp-json\/wp\/v2\/types\/page"}],"author":[{"embeddable":true,"href":"https:\/\/www.babou-plongee.com\/blog\/wp-json\/wp\/v2\/users\/1"}],"replies":[{"embeddable":true,"href":"https:\/\/www.babou-plongee.com\/blog\/wp-json\/wp\/v2\/comments?post=143"}],"version-history":[{"count":0,"href":"https:\/\/www.babou-plongee.com\/blog\/wp-json\/wp\/v2\/pages\/143\/revisions"}],"wp:attachment":[{"href":"https:\/\/www.babou-plongee.com\/blog\/wp-json\/wp\/v2\/media?parent=143"}],"curies":[{"name":"wp","href":"https:\/\/api.w.org\/{rel}","templated":true}]}}