{"id":137,"date":"2016-06-07T00:01:11","date_gmt":"2016-06-06T13:01:11","guid":{"rendered":"http:\/\/www.babou-plongee.com\/blog\/?page_id=137"},"modified":"2026-04-07T10:51:14","modified_gmt":"2026-04-06T23:51:14","slug":"ecole-de-plongee","status":"publish","type":"page","link":"https:\/\/www.babou-plongee.com\/blog\/ecole-de-plongee\/","title":{"rendered":"D\u00e9couvrir la plong\u00e9e \u00e0 Hiengh\u00e8ne"},"content":{"rendered":"<h2 id=\"l'\u00e9cole-de-plong\u00e9e-fran\u00e7ais\"><\/h2>\n<table class=\" aligncenter\" style=\"width: 100%; border-collapse: collapse;\">\n<tbody>\n<tr>\n<td style=\"width: 50%;\"><a href=\"https:\/\/www.babou-plongee.com\/blog\/wp-content\/uploads\/2023\/12\/By-anmp.jpg\"><img loading=\"lazy\" decoding=\"async\" class=\"alignnone wp-image-3686 size-full\" src=\"https:\/\/www.babou-plongee.com\/blog\/wp-content\/uploads\/2023\/12\/By-anmp.jpg\" alt=\"Logo de l'ANMP - Ecole de plong\u00e9e fran\u00e7aise\" width=\"300\" height=\"145\" \/><\/a><\/td>\n<td style=\"width: 50%;\"><a href=\"https:\/\/www.babou-plongee.com\/blog\/wp-content\/uploads\/2023\/12\/Guide.jpg\"><img loading=\"lazy\" decoding=\"async\" class=\"alignnone wp-image-3689 size-full\" src=\"https:\/\/www.babou-plongee.com\/blog\/wp-content\/uploads\/2023\/12\/Guide.jpg\" alt=\"Logo des Guides de la Mer - Compagnie des instructeurs de plong\u00e9e sous-marine.\" width=\"300\" height=\"109\" \/><\/a><\/td>\n<\/tr>\n<\/tbody>\n<\/table>\n<p><a id=\"Top\"><\/a><a href=\"#Bapt\" target=\"_self\" rel=\"noopener\">Le bapt\u00eame de plong\u00e9e<\/a><br \/>\n<a href=\"#Decouv\" target=\"_self\" rel=\"noopener\">Le forfait d\u00e9couverte<\/a><br \/>\n<a href=\"#N1\" target=\"_self\" rel=\"noopener\">Le Niveau 1<\/a><br \/>\n<a href=\"#N2\" target=\"_self\" rel=\"noopener\">Le Niveau 2<\/a><br \/>\n<a href=\"#N3\" target=\"_self\" rel=\"noopener\">Le Niveau 3<\/a><\/p>\n<hr \/>\n<h2 id=\"le-bapt\u00eame-de-plong\u00e9e\"><strong><a id=\"Bapt\"><\/a>Le bapt\u00eame de plong\u00e9e<\/strong><\/h2>\n<p>Si vous avez toujours h\u00e9sit\u00e9, si la curiosit\u00e9 et l&rsquo;envie d&rsquo;essayer vous taraudent, alors ne passez pas \u00e0 c\u00f4t\u00e9 de cette d\u00e9couverte exceptionnelle\u00a0 &#8230;<\/p>\n<div>\n<p>Venez faire votre bapt\u00eame de plong\u00e9e \u00e0 Hiengh\u00e8ne.<\/p>\n<p>Babou C\u00f4t\u00e9 Oc\u00e9an s&rsquo;occupe de tout pour vous faire d\u00e9couvrir la plong\u00e9e dans les meilleures conditions de confort et de s\u00e9curit\u00e9.<\/p>\n<p>Le bateau vous conduira \u00e0 l&rsquo;\u00eelot o\u00f9 le cadre naturellement abrit\u00e9 offre les meilleures conditions de pratique pour d\u00e9buter.<\/p>\n<p>Vous effectuerez un bapt\u00eame au cours duquel le moniteur, apr\u00e8s vous avoir pr\u00e9sent\u00e9 le mat\u00e9riel, vous enseignera les notions de base. Au cours de cette premi\u00e8re plong\u00e9e peu profonde, six m\u00e8tres au maximum, il assurera totalement votre s\u00e9curit\u00e9 (le moniteur accompagne un seul \u00ab\u00a0baptis\u00e9\u00a0\u00bb \u00e0 la fois).<\/p>\n<p>Vous go\u00fbterez, d\u00e9s cette premi\u00e8re incursion, au bonheur de la d\u00e9couverte de la faune et de la flore mais aussi \u00e0 la d\u00e9couverte des sensations li\u00e9es \u00e0 la respiration sous l&rsquo;eau et \u00e0 l&rsquo;absence de pesanteur.<\/p>\n<p>Cette plong\u00e9e, d&rsquo;une dur\u00e9e de 25 \u00e0 30 minutes, vous procurera des souvenirs inoubliables et vous donnera tr\u00e8s certainement l&rsquo;envie de poursuivre&#8230;<\/p>\n<p style=\"text-align: right;\"><a href=\"#Top\" target=\"_self\" rel=\"noopener\">Retour<\/a><\/p>\n<\/div>\n<div>\n<hr \/>\n<p><a href=\"https:\/\/www.babou-plongee.com\/blog\/wp-content\/uploads\/2026\/04\/bapteme-plongee-babou-hienghene-caledonie.jpg\"><img loading=\"lazy\" decoding=\"async\" class=\"aligncenter wp-image-5032 size-medium\" title=\"Bapt\u00eame de Plong\u00e9e Hiengh\u00e8ne Nouvelle-Cal\u00e9donie | Babou C\u00f4te Oc\u00e9an\" src=\"https:\/\/www.babou-plongee.com\/blog\/wp-content\/uploads\/2026\/04\/bapteme-plongee-babou-hienghene-caledonie-744x496.jpg\" alt=\"Bapt\u00eame de plong\u00e9e avec Babou C\u00f4t\u00e9 Oc\u00e9an \u00e0 Hiengh\u00e8ne en Nouvelle Cal\u00e9donie. Le moniteur fait d\u00e9couvrir le\u00e9cifs coraliens \u00e0 son \u00e9l\u00e8ve.\" width=\"744\" height=\"496\" srcset=\"https:\/\/www.babou-plongee.com\/blog\/wp-content\/uploads\/2026\/04\/bapteme-plongee-babou-hienghene-caledonie-744x496.jpg 744w, https:\/\/www.babou-plongee.com\/blog\/wp-content\/uploads\/2026\/04\/bapteme-plongee-babou-hienghene-caledonie-420x280.jpg 420w, https:\/\/www.babou-plongee.com\/blog\/wp-content\/uploads\/2026\/04\/bapteme-plongee-babou-hienghene-caledonie.jpg 1200w\" sizes=\"(max-width: 744px) 100vw, 744px\" \/><\/a><\/p>\n<h2 id=\"le-forfait-d\u00e9couverte--r\u00e9ser\"><a id=\"Decouv\"><\/a><strong>Le Forfait d\u00e9couverte<br \/>\n<\/strong><em><span style=\"font-size: 10pt;\">(R\u00e9serv\u00e9 \u00e0 des personnes ayant d\u00e9j\u00e0 effectu\u00e9 un ou plusieurs bapt\u00eame)<\/span><\/em><\/h2>\n<p>&nbsp;<\/p>\n<\/div>\n<div>Apr\u00e8s le bapt\u00eame vous n&rsquo;\u00eates pas s\u00fbr de vouloir suivre une formation compl\u00e8te ?<\/div>\n<div>\n<p>Vous voulez d\u00e9marrer votre parcours subaquatique tout en douceur ?<\/p>\n<p>Le \u201cForfait D\u00e9couverte\u201d est fait pour vous.<\/p>\n<p>Il vous apportera les techniques de base qui vous permettront d\u2019acc\u00e9der progressivement \u00e0 une zone plus profonde (au del\u00e0 de 6 m\u00e8tres, maxi 20 m\u00e8tres).<\/p>\n<p>Cette possibilit\u00e9 est restreinte \u00e0 des conditions particuli\u00e8rement favorables, en palanqu\u00e9e r\u00e9duite, et uniquement sous la responsabilit\u00e9 d\u2019un moniteur.<\/p>\n<p>Sur deux demi journ\u00e9es, le\u00a0 \u201cForfait D\u00e9couverte\u201d comprend 1 partie th\u00e9orique, 1 plong\u00e9e technique compl\u00e8te \u00e0 l&rsquo;\u00eelot, 2 plong\u00e9es \u00e0 la barri\u00e8re, la mise \u00e0 disposition du mat\u00e9riel de plong\u00e9e, l&rsquo;assurance, le carnet de relev\u00e9 de plong\u00e9es.<\/p>\n<p style=\"padding-left: 30px;\">&#8211; J1 :\u00a0l&rsquo;apr\u00e8s-midi (14h00-17h00) &#8211; Th\u00e9orie et une s\u00e9ance \u00e0 l&rsquo;\u00eelot<br \/>\n&#8211; J2 :\u00a0le matin (7h30-13h00) &#8211; 2 plong\u00e9es \u00e0 la barri\u00e8re<\/p>\n<p style=\"text-align: right;\"><a href=\"#Top\" target=\"_self\" rel=\"noopener\">Retour<\/a><\/p>\n<hr \/>\n<\/div>\n<div style=\"text-align: left;\">\n<h2 id=\"le-niveau-1\" style=\"margin: 8px 0px 4px; text-align: left;\"><strong><a id=\"N1\"><\/a>Le Niveau 1 de plong\u00e9e<\/strong><\/h2>\n<div style=\"margin: 8px 0px 4px; text-align: left;\">C&rsquo;est le premier brevet de plongeur, il est accessible d\u00e8s l&rsquo;age de 14 ans.<\/div>\n<div style=\"margin: 8px 0px 4px; text-align: left;\">Ce niveau permet de plonger en exploration jusqu&rsquo;\u00e0 une profondeur de 20 m\u00e8tres encadr\u00e9 par un guide de palanqu\u00e9e ou un moniteur.<\/div>\n<div style=\"margin: 8px 0px 4px; text-align: left;\">Pour acc\u00e9der \u00e0 la formation il est n\u00e9cessaire de pr\u00e9senter un certificat m\u00e9dical de non contre-indication \u00e0 la pratique de la plong\u00e9e, ainsi qu&rsquo;une autorisation parentale pour les \u00e9l\u00e8ves mineurs.<\/div>\n<div style=\"margin: 8px 0px 4px; text-align: left;\">La formation comprend 2 cours th\u00e9oriques, 2 plong\u00e9es techniques compl\u00e8tes \u00e0 l&rsquo;\u00eelot, 4 plong\u00e9es \u00e0 la barri\u00e8re, le mat\u00e9riel de plong\u00e9e, l&rsquo;assurance, la carte de certification, le carnet de relev\u00e9 de plong\u00e9es.<\/div>\n<div style=\"text-align: left;\"><\/div>\n<p>Il faudra pr\u00e9voir 4 demi-journ\u00e9es, r\u00e9parties sur 4 jours.<\/p>\n<\/div>\n<div style=\"text-align: left; padding-left: 30px;\">&#8211; J1 :\u00a0\u00a0l&rsquo;apr\u00e8s-midi (14h00-17h00) &#8211; Th\u00e9orie et une s\u00e9ance \u00e0 l&rsquo;\u00eelot<\/div>\n<div style=\"text-align: left; padding-left: 30px;\">&#8211; J2 : l&rsquo;apr\u00e8s-midi (14h00-17h00) &#8211; Th\u00e9orie et une s\u00e9ance \u00e0 l&rsquo;\u00eelot<br \/>\n&#8211; J3 : le matin (7h30-13h00) &#8211; 2 plong\u00e9es \u00e0 la barri\u00e8re<br \/>\n&#8211; J4 : le matin (7h30-13h00) &#8211; 2 plong\u00e9es \u00e0 la barri\u00e8re<\/div>\n<div><\/div>\n<div style=\"text-align: left;\">Le niveau est mat\u00e9rialis\u00e9 par la d\u00e9livrance d&rsquo;une carte permettant de plonger partout dans le monde.<\/div>\n<div><\/div>\n<div style=\"text-align: left;\"><a href=\"https:\/\/www.babou-plongee.com\/blog\/wp-content\/uploads\/2023\/12\/n1-anmp.png\"><img loading=\"lazy\" decoding=\"async\" class=\"wp-image-3651 aligncenter\" src=\"https:\/\/www.babou-plongee.com\/blog\/wp-content\/uploads\/2023\/12\/n1-anmp-420x267.png\" alt=\"Carte de brevet Niveau 1 de plong\u00e9e sous-marine\" width=\"250\" height=\"159\" srcset=\"https:\/\/www.babou-plongee.com\/blog\/wp-content\/uploads\/2023\/12\/n1-anmp-420x267.png 420w, https:\/\/www.babou-plongee.com\/blog\/wp-content\/uploads\/2023\/12\/n1-anmp.png 500w\" sizes=\"(max-width: 250px) 100vw, 250px\" \/><\/a><\/div>\n<div><\/div>\n<div style=\"margin: 8px 0px 4px; text-align: left;\">A la suite de l&rsquo;obtention de ce niveau, il est recommand\u00e9 de plonger r\u00e9guli\u00e8rement. La validation d&rsquo;une 20<sup>\u00e8ne<\/sup> de plong\u00e9es sera n\u00e9cessaire pour entrer en formation au Niveau 2.<\/div>\n<div><\/div>\n<div style=\"margin: 8px 0px 4px; text-align: left;\">Voici le support du cours th\u00e9orique :\u00a0 <a href=\"http:\/\/www.babou-plongee.com\/blog\/wp-content\/uploads\/2016\/06\/Cours-N1-New.pdf\" target=\"_blank\" rel=\"noopener\">Cours Niveau 1 (PDF)<\/a><br \/>\n<em>(l&rsquo;occasion de petits rappels pour certains brevet\u00e9s, peut-\u00eatre de d\u00e9couvertes pour d&rsquo;autres &#8230; ?)<\/em><\/div>\n<div>\n<p style=\"text-align: right;\"><a href=\"#Top\" target=\"_self\" rel=\"noopener\">Retour<\/a><\/p>\n<hr \/>\n<p><a href=\"https:\/\/www.babou-plongee.com\/blog\/wp-content\/uploads\/2026\/04\/formation-plongee-hienghene-nouvelle-caledonie-babou-cote-ocean.jpg\"><img loading=\"lazy\" decoding=\"async\" class=\"wp-image-5035 size-medium aligncenter\" title=\"Formation plong\u00e9e Hiengh\u00e8ne - Babou C\u00f4te Oc\u00e9an Nouvelle-Cal\u00e9donie\" src=\"https:\/\/www.babou-plongee.com\/blog\/wp-content\/uploads\/2026\/04\/formation-plongee-hienghene-nouvelle-caledonie-babou-cote-ocean-744x496.jpg\" alt=\"Cours de plong\u00e9e Hiengh\u00e8ne Nouvelle-Cal\u00e9donie - Babou C\u00f4te Oc\u00e9an formation plongeurs sur r\u00e9cif corallien\" width=\"744\" height=\"496\" srcset=\"https:\/\/www.babou-plongee.com\/blog\/wp-content\/uploads\/2026\/04\/formation-plongee-hienghene-nouvelle-caledonie-babou-cote-ocean-744x496.jpg 744w, https:\/\/www.babou-plongee.com\/blog\/wp-content\/uploads\/2026\/04\/formation-plongee-hienghene-nouvelle-caledonie-babou-cote-ocean-420x280.jpg 420w, https:\/\/www.babou-plongee.com\/blog\/wp-content\/uploads\/2026\/04\/formation-plongee-hienghene-nouvelle-caledonie-babou-cote-ocean.jpg 1200w\" sizes=\"(max-width: 744px) 100vw, 744px\" \/><\/a><\/p>\n<h2 id=\"le-niveau-2\"><strong><a id=\"N2\"><\/a>Le Niveau 2 de plong\u00e9e<\/strong><\/h2>\n<p>&nbsp;<\/p>\n<\/div>\n<div>\n<p>Vous \u00eates plongeur certifi\u00e9 Niveau 1, depuis son obtention vous avez effectu\u00e9 une 20<sup>\u00e8ne<\/sup> de plong\u00e9es, vous avez envie de vous perfectionner ?<\/p>\n<p>Vous souhaitez plonger en autonomie avec votre \u00e9quipier dans la zone des 12-20 m\u00e8tres ? Vous \u00eates d\u00e9sireux de d\u00e9couvrir les fonds sous-marins au-del\u00e0 de 20 m\u00e8tres, tout en \u00e9tant guid\u00e9 ? Le Niveau 2 est fait pour vous.<\/p>\n<p>Pour acc\u00e9der \u00e0 la formation il est n\u00e9cessaire de pr\u00e9senter un certificat m\u00e9dical de non contre-indication \u00e0 la pratique de la plong\u00e9e, ainsi qu&rsquo;une autorisation parentale pour les \u00e9l\u00e8ves mineurs.<\/p>\n<div>\n<p>La formation s&rsquo;\u00e9chelonne sur une semaine compl\u00e8te. Elle comprend 14 plong\u00e9es \u00e0 la barri\u00e8re,\u00a0la th\u00e9orie,\u00a0l\u2019assurance en RC, la carte de certification Niveau 2.<\/p>\n<p><span style=\"background-color: var(--color_content_background); color: var(--color_content_text); font-family: var(--typography_fonts_text);\">Le niveau est mat\u00e9rialis\u00e9 par la d\u00e9livrance d&rsquo;une carte permettant de plonger partout dans le monde.<\/span><\/p>\n<p>&nbsp;<\/p>\n<\/div>\n<p><a href=\"https:\/\/www.babou-plongee.com\/blog\/wp-content\/uploads\/2023\/12\/n2-anmp.png\"><img loading=\"lazy\" decoding=\"async\" class=\"wp-image-3653 aligncenter\" src=\"https:\/\/www.babou-plongee.com\/blog\/wp-content\/uploads\/2023\/12\/n2-anmp.png\" alt=\"Carte de brevet Niveau 2 de plong\u00e9e sous-marine\" width=\"250\" height=\"159\" srcset=\"https:\/\/www.babou-plongee.com\/blog\/wp-content\/uploads\/2023\/12\/n2-anmp.png 500w, https:\/\/www.babou-plongee.com\/blog\/wp-content\/uploads\/2023\/12\/n2-anmp-420x267.png 420w\" sizes=\"(max-width: 250px) 100vw, 250px\" \/><\/a><\/p>\n<p>A la suite de l&rsquo;obtention de ce niveau, il est recommand\u00e9 de plonger r\u00e9guli\u00e8rement. La validation d&rsquo;une 30<sup>\u00e8ne<\/sup> de plong\u00e9es sera n\u00e9cessaire pour entrer en formation au N3.<\/p>\n<\/div>\n<p style=\"text-align: right;\"><a href=\"#Top\" target=\"_self\" rel=\"noopener\">Retour<\/a><\/p>\n<p>&nbsp;<\/p>\n<hr \/>\n<p><a href=\"https:\/\/www.babou-plongee.com\/blog\/wp-content\/uploads\/2026\/01\/formation-plongee-babou-cote-ocean.jpg\"><img loading=\"lazy\" decoding=\"async\" class=\"aligncenter wp-image-4722 size-full\" src=\"https:\/\/www.babou-plongee.com\/blog\/wp-content\/uploads\/2026\/01\/formation-plongee-babou-cote-ocean.jpg\" alt=\"Formation de plongee avec babou cote ocean \u00e0 Hiengh\u00e8ne. Les \u00e9l\u00e8ves apprenent \u00e0 g\u00e9rer la remont\u00e9e assist\u00e9e\" width=\"707\" height=\"946\" srcset=\"https:\/\/www.babou-plongee.com\/blog\/wp-content\/uploads\/2026\/01\/formation-plongee-babou-cote-ocean.jpg 707w, https:\/\/www.babou-plongee.com\/blog\/wp-content\/uploads\/2026\/01\/formation-plongee-babou-cote-ocean-420x562.jpg 420w\" sizes=\"(max-width: 707px) 100vw, 707px\" \/><\/a><\/p>\n<h2 id=\"le-niveau-3\"><strong><a id=\"N3\"><\/a>Le Niveau 3 de plong\u00e9e<\/strong><\/h2>\n<div>\n<p>Vous \u00eates plongeur certifi\u00e9 Niveau 2 et vous avez effectu\u00e9 une 30<sup>\u00e8ne<\/sup> de plong\u00e9es, vous avez envie d&rsquo;acc\u00e9der \u00e0 une large autonomie ? Alors pr\u00e9parez le Niveau 3.<\/p>\n<p><span style=\"background-color: var(--color_content_background); color: var(--color_content_text); font-family: var(--typography_fonts_text);\">Pour acc\u00e9der \u00e0 la formation il est n\u00e9cessaire de pr\u00e9senter un certificat m\u00e9dical de non contre-indication \u00e0 la pratique de la plong\u00e9e et \u00eatre titulaire d&rsquo;un brevet de secouriste (type PSE1).<\/span><\/p>\n<p>La formation s&rsquo;\u00e9chelonne sur huits jours. Elle comprend 16 plong\u00e9es \u00e0 la barri\u00e8re, la th\u00e9orie, l\u2019assurance en RC, la carte de certification Niveau 3.<\/p>\n<p><span style=\"background-color: var(--color_content_background); color: var(--color_content_text); font-family: var(--typography_fonts_text);\">Le niveau est mat\u00e9rialis\u00e9 par la d\u00e9livrance d&rsquo;une carte permettant de plonger partout dans le monde.<\/span><\/p>\n<p><a href=\"https:\/\/www.babou-plongee.com\/blog\/wp-content\/uploads\/2023\/12\/n3-anmp.png\"><img loading=\"lazy\" decoding=\"async\" class=\"wp-image-3655 aligncenter\" src=\"https:\/\/www.babou-plongee.com\/blog\/wp-content\/uploads\/2023\/12\/n3-anmp.png\" alt=\"Carte de brevet Niveau 3 de plong\u00e9e sous-marine\" width=\"250\" height=\"159\" srcset=\"https:\/\/www.babou-plongee.com\/blog\/wp-content\/uploads\/2023\/12\/n3-anmp.png 500w, https:\/\/www.babou-plongee.com\/blog\/wp-content\/uploads\/2023\/12\/n3-anmp-420x267.png 420w\" sizes=\"(max-width: 250px) 100vw, 250px\" \/><\/a><\/p>\n<p>Quel que soit votre niveau de certification et quelle que soit l&rsquo;\u00e9cole de plong\u00e9e qui vous a form\u00e9 <a href=\"https:\/\/www.babou-plongee.com\/blog\/accueil\/plongee\/\">venez d\u00e9couvrir les sites de plong\u00e9e exceptionnels de Hiengh\u00e8ne<\/a>. Ils figurent parmi les plus r\u00e9put\u00e9s de Nouvelle Cal\u00e9donie.<\/p>\n<h2 id=\"tarifs-et-r\u00e9servations\">Tarifs et R\u00e9servations<\/h2>\n<p>Retrouvez l&rsquo;ensemble des prix sur la <a href=\"https:\/\/www.babou-plongee.com\/blog\/tarifs\/\">page de tarifs de Babou C\u00f4t\u00e9 Oc\u00e9an<\/a>,<br \/>\ncentre &amp; \u00e9cole de plong\u00e9e \u00e0 Hiengh\u00e8ne en Nouvelle Cal\u00e9donie<\/p>\n<p><strong style=\"color: #ff6600; font-size: 14pt;\">Info &amp; R\u00e9servation :<\/strong><\/p>\n<\/div>\n<div><\/div>\n<div>\n<p><strong>BABOU COTE OCEAN<\/strong><br \/>\n<span class=\"html-span xexx8yu xyri2b x18d9i69 x1c1uobl x1hl2dhg x16tdsg8 x1vvkbs x3nfvp2 x1j61x8r x1fcty0u xdj266r xat24cr xm2jcoa x1mpyi22 xxymvpz xlup9mm x1kky2od\"><img loading=\"lazy\" decoding=\"async\" class=\"xz74otr x15mokao x1ga7v0g x16uus16 xbiv7yw\" src=\"https:\/\/static.xx.fbcdn.net\/images\/emoji.php\/v9\/t4d\/1\/16\/1f4de.png\" alt=\"\" width=\"16\" height=\"16\" \/><\/span>\u00a0<a href=\"tel:+687428359\" target=\"_blank\" rel=\"nofollow noopener\">42.83.59<\/a><br \/>\n<span class=\"html-span xexx8yu xyri2b x18d9i69 x1c1uobl x1hl2dhg x16tdsg8 x1vvkbs x3nfvp2 x1j61x8r x1fcty0u xdj266r xat24cr xm2jcoa x1mpyi22 xxymvpz xlup9mm x1kky2od\"><img loading=\"lazy\" decoding=\"async\" class=\"xz74otr x15mokao x1ga7v0g x16uus16 xbiv7yw\" src=\"https:\/\/static.xx.fbcdn.net\/images\/emoji.php\/v9\/tbe\/1\/16\/1f4e7.png\" alt=\"\" width=\"16\" height=\"16\" \/><\/span>\u00a0info@babou-plongee.com<br \/>\n<span class=\"html-span xexx8yu xyri2b x18d9i69 x1c1uobl x1hl2dhg x16tdsg8 x1vvkbs x3nfvp2 x1j61x8r x1fcty0u xdj266r xat24cr xm2jcoa x1mpyi22 xxymvpz xlup9mm x1kky2od\"><img loading=\"lazy\" decoding=\"async\" class=\"xz74otr x15mokao x1ga7v0g x16uus16 xbiv7yw\" src=\"https:\/\/static.xx.fbcdn.net\/images\/emoji.php\/v9\/taa\/1\/16\/1f310.png\" alt=\"\" width=\"16\" height=\"16\" \/><\/span>\u00a0<span class=\"html-span xdj266r x14z9mp xat24cr x1lziwak xexx8yu xyri2b x18d9i69 x1c1uobl x1hl2dhg x16tdsg8 x1vvkbs\"><a class=\"x1i10hfl xjbqb8w x1ejq31n x18oe1m7 x1sy0etr xstzfhl x972fbf x10w94by x1qhh985 x14e42zd x9f619 x1ypdohk xt0psk2 x3ct3a4 xdj266r x14z9mp xat24cr x1lziwak xexx8yu xyri2b x18d9i69 x1c1uobl x16tdsg8 x1hl2dhg xggy1nq x1a2a7pz xkrqix3 x1sur9pj x1fey0fg x1s688f\" tabindex=\"0\" role=\"link\" href=\"https:\/\/www.babou-plongee.com\/\" target=\"_blank\" rel=\"nofollow noopener\">www.babou-plongee.com<\/a><br \/>\n<strong>BP 77 \u2013 Hiengh\u00e8ne \u2013 Nouvelle Cal\u00e9donie<\/strong><\/span><\/p>\n<p>\u00ab\u00a0<em>Babou C\u00f4t\u00e9 Oc\u00e9an, centre de plong\u00e9e et de formation plong\u00e9e situ\u00e9 \u00e0 Hiengh\u00e8ne en Nouvelle-Cal\u00e9donie, vous accueille toute l\u2019ann\u00e9e<\/em>\u00a0\u00bb .<\/p>\n<\/div>\n<div><\/div>\n<p style=\"text-align: right;\"><a href=\"#Top\" target=\"_self\" rel=\"noopener\">Retour<\/a><\/p>\n","protected":false},"excerpt":{"rendered":"<p class=\"post-excerpt\">Le bapt\u00eame de plong\u00e9e Le forfait d\u00e9couverte Le Niveau 1 Le Niveau 2 Le Niveau 3 Le bapt\u00eame de plong\u00e9e&hellip;<\/p>\n<div class=\"link-more\"><a href=\"https:\/\/www.babou-plongee.com\/blog\/ecole-de-plongee\/\">Continue reading<span class=\"screen-reader-text\"> \"D\u00e9couvrir la plong\u00e9e \u00e0 Hiengh\u00e8ne\"<\/span>&hellip;<\/a><\/div>","protected":false},"author":1,"featured_media":5083,"parent":0,"menu_order":0,"comment_status":"closed","ping_status":"closed","template":"","meta":{"_seopress_robots_primary_cat":"","_seopress_titles_title":"","_seopress_titles_desc":"Vous \u00eates vacances ou vous r\u00e9sidez en Nouvelle-Cal\u00e9donie ? Venez faire votre bapt\u00eame ou passer vos niveaux de plong\u00e9e \u00e0 Hiengh\u00e8ne chez  Babou !","_seopress_robots_index":"","footnotes":""},"class_list":["post-137","page","type-page","status-publish","has-post-thumbnail","hentry"],"_links":{"self":[{"href":"https:\/\/www.babou-plongee.com\/blog\/wp-json\/wp\/v2\/pages\/137"}],"collection":[{"href":"https:\/\/www.babou-plongee.com\/blog\/wp-json\/wp\/v2\/pages"}],"about":[{"href":"https:\/\/www.babou-plongee.com\/blog\/wp-json\/wp\/v2\/types\/page"}],"author":[{"embeddable":true,"href":"https:\/\/www.babou-plongee.com\/blog\/wp-json\/wp\/v2\/users\/1"}],"replies":[{"embeddable":true,"href":"https:\/\/www.babou-plongee.com\/blog\/wp-json\/wp\/v2\/comments?post=137"}],"version-history":[{"count":3,"href":"https:\/\/www.babou-plongee.com\/blog\/wp-json\/wp\/v2\/pages\/137\/revisions"}],"predecessor-version":[{"id":5093,"href":"https:\/\/www.babou-plongee.com\/blog\/wp-json\/wp\/v2\/pages\/137\/revisions\/5093"}],"wp:featuredmedia":[{"embeddable":true,"href":"https:\/\/www.babou-plongee.com\/blog\/wp-json\/wp\/v2\/media\/5083"}],"wp:attachment":[{"href":"https:\/\/www.babou-plongee.com\/blog\/wp-json\/wp\/v2\/media?parent=137"}],"curies":[{"name":"wp","href":"https:\/\/api.w.org\/{rel}","templated":true}]}}