{"id":134,"date":"2016-06-06T23:57:53","date_gmt":"2016-06-06T12:57:53","guid":{"rendered":"http:\/\/www.babou-plongee.com\/blog\/?page_id=134"},"modified":"2026-04-20T12:16:35","modified_gmt":"2026-04-20T01:16:35","slug":"activite-services","status":"publish","type":"page","link":"https:\/\/www.babou-plongee.com\/blog\/activite-services\/","title":{"rendered":"Services &#038; Commodit\u00e9s"},"content":{"rendered":"<p>&nbsp;<\/p>\n<table style=\"border-collapse: collapse; width: 100%;\">\n<tbody>\n<tr>\n<td style=\"width: 50%; text-align: center; vertical-align: middle;\"><strong><a href=\"http:\/\/www.babou-plongee.com\/blog\/wp-content\/uploads\/2016\/06\/Garde-enfants.jpg\"><img alt=\"\" loading=\"lazy\" decoding=\"async\" class=\"size-full wp-image-1184 aligncenter\" src=\"http:\/\/www.babou-plongee.com\/blog\/wp-content\/uploads\/2016\/06\/Garde-enfants.jpg\" alt=\"\" width=\"150\" height=\"105\" \/><\/a><\/strong><\/td>\n<td style=\"width: 50%; vertical-align: middle;\"><strong>Garde d&rsquo;enfants<\/strong><\/p>\n<p>Nous pouvons garder vos enfants pendant que vous participez \u00e0\u00a0 l&rsquo;une de nos activit\u00e9s : <a href=\"https:\/\/www.babou-plongee.com\/blog\/wp-content\/uploads\/2020\/11\/Garde-denfants.pdf\" target=\"_blank\" rel=\"noopener noreferrer\">Conditions &amp; Tarif.<\/a><\/td>\n<\/tr>\n<tr>\n<td style=\"width: 50%; text-align: center; vertical-align: middle;\"><strong><a href=\"http:\/\/www.babou-plongee.com\/blog\/wp-content\/uploads\/2016\/06\/Free-WiFi.jpg\"><img alt=\"\" loading=\"lazy\" decoding=\"async\" class=\"size-full wp-image-1189 aligncenter\" src=\"http:\/\/www.babou-plongee.com\/blog\/wp-content\/uploads\/2016\/06\/Free-WiFi.jpg\" alt=\"\" width=\"150\" height=\"93\" \/><\/a><\/strong><\/td>\n<td style=\"width: 50%; vertical-align: middle;\">\n<p style=\"text-align: left;\"><strong>WIFI ZONE<\/strong><\/p>\n<p style=\"text-align: left;\">L&rsquo;acc\u00e8s \u00e0 Internet est gratuit. pensez \u00e0 nous demander le code \u00e0votre arriv\u00e9e <em>(connexion Naviweb partag\u00e9e pas tr\u00e8s rapide)<\/em>.<\/p>\n<\/td>\n<\/tr>\n<tr>\n<td style=\"width: 50%; text-align: center; vertical-align: middle;\"><a href=\"http:\/\/www.babou-plongee.com\/blog\/wp-content\/uploads\/2016\/06\/Multiprise.jpg\"><img alt=\"\" loading=\"lazy\" decoding=\"async\" class=\"size-full wp-image-1179 aligncenter\" src=\"http:\/\/www.babou-plongee.com\/blog\/wp-content\/uploads\/2016\/06\/Multiprise.jpg\" alt=\"\" width=\"150\" height=\"53\" \/><\/a><\/td>\n<td style=\"width: 50%; vertical-align: middle;\">\n<p style=\"text-align: left;\"><strong>Multiprises<\/strong><\/p>\n<p style=\"text-align: left;\">Sont \u00e9galement \u00e0 votre disposition gratuitement des prises \u00e9lectriques pour recharger vos appareils.<\/p>\n<\/td>\n<\/tr>\n<tr>\n<td style=\"width: 50%; text-align: center; vertical-align: middle;\"><strong><a href=\"http:\/\/www.babou-plongee.com\/blog\/wp-content\/uploads\/2016\/06\/Cafe.jpg\"><img alt=\"\" loading=\"lazy\" decoding=\"async\" class=\"size-full wp-image-1177 aligncenter\" src=\"http:\/\/www.babou-plongee.com\/blog\/wp-content\/uploads\/2016\/06\/Cafe.jpg\" alt=\"\" width=\"150\" height=\"191\" \/><\/a><\/strong><\/td>\n<td style=\"width: 50%; vertical-align: middle;\">\n<p style=\"text-align: left;\"><strong>Distributeur de boissons chaudes<\/strong><\/p>\n<p style=\"text-align: left;\">Vous avez \u00e0 votre disposition : caf\u00e9, chocolat, cappuccino, caf\u00e9 noisette, etc.,\u00a0 au prix unique de 100 CFP.<\/p>\n<\/td>\n<\/tr>\n<tr>\n<td style=\"width: 50%; text-align: center; vertical-align: middle;\"><strong><a href=\"http:\/\/www.babou-plongee.com\/blog\/wp-content\/uploads\/2016\/06\/Congelateur.jpg\"><img alt=\"\" loading=\"lazy\" decoding=\"async\" class=\"size-full wp-image-1175 aligncenter\" src=\"http:\/\/www.babou-plongee.com\/blog\/wp-content\/uploads\/2016\/06\/Congelateur.jpg\" alt=\"\" width=\"150\" height=\"150\" srcset=\"https:\/\/www.babou-plongee.com\/blog\/wp-content\/uploads\/2016\/06\/Congelateur.jpg 150w, https:\/\/www.babou-plongee.com\/blog\/wp-content\/uploads\/2016\/06\/Congelateur-50x50.jpg 50w\" sizes=\"(max-width: 150px) 100vw, 150px\" \/><\/a><\/strong><\/td>\n<td style=\"width: 50%; vertical-align: middle;\"><strong>Cong\u00e9lateur<\/strong><\/p>\n<p>Un cong\u00e9lateur est \u00e0 votre disposition pour vos packs de glace , bouteilles d&rsquo;eau, produites surgel\u00e9s, &#8230;<\/td>\n<\/tr>\n<tr>\n<td style=\"width: 50%; text-align: center; vertical-align: middle;\"><strong><a href=\"http:\/\/www.babou-plongee.com\/blog\/wp-content\/uploads\/2016\/06\/Bouilloire.jpg\"><img alt=\"\" loading=\"lazy\" decoding=\"async\" class=\"size-full wp-image-1176 aligncenter\" src=\"http:\/\/www.babou-plongee.com\/blog\/wp-content\/uploads\/2016\/06\/Bouilloire.jpg\" alt=\"\" width=\"150\" height=\"150\" srcset=\"https:\/\/www.babou-plongee.com\/blog\/wp-content\/uploads\/2016\/06\/Bouilloire.jpg 150w, https:\/\/www.babou-plongee.com\/blog\/wp-content\/uploads\/2016\/06\/Bouilloire-50x50.jpg 50w\" sizes=\"(max-width: 150px) 100vw, 150px\" \/><\/a><\/strong><\/td>\n<td style=\"width: 50%; vertical-align: middle;\"><strong>Bouilloire \u00e9lectrique<\/strong><\/p>\n<p>Une bouilloire est \u00e0 votre disposition pour faire chauffer l&rsquo;eau de votre th\u00e9 ou de vos pattes chinoises.<\/td>\n<\/tr>\n<tr>\n<td style=\"width: 50%; text-align: center; vertical-align: middle;\"><a href=\"http:\/\/www.babou-plongee.com\/blog\/wp-content\/uploads\/2016\/06\/Bois-Ouenghi.jpg\"><img alt=\"\" loading=\"lazy\" decoding=\"async\" class=\"size-full wp-image-1183 aligncenter\" src=\"http:\/\/www.babou-plongee.com\/blog\/wp-content\/uploads\/2016\/06\/Bois-Ouenghi.jpg\" alt=\"\" width=\"150\" height=\"148\" srcset=\"https:\/\/www.babou-plongee.com\/blog\/wp-content\/uploads\/2016\/06\/Bois-Ouenghi.jpg 150w, https:\/\/www.babou-plongee.com\/blog\/wp-content\/uploads\/2016\/06\/Bois-Ouenghi-50x50.jpg 50w\" sizes=\"(max-width: 150px) 100vw, 150px\" \/><\/a><\/td>\n<td style=\"width: 50%; vertical-align: middle;\"><strong>Du bois pour vos grillades<\/strong><\/p>\n<p>Filets de bois de la Ouenghi pour vos grillades et feux de camp <em>(nous pouvons vous pr\u00eater une grille).<\/em><\/td>\n<\/tr>\n<\/tbody>\n<\/table>\n<p>Prenez le temps de visiter notre page <a href=\"https:\/\/www.babou-plongee.com\/blog\/a-savoir-si-vous-venez-chez-babou-hienghene-nouvelle-caledonie\/\">\u00ab\u00a0\u00e0 savoir si vous venez chez nous\u00a0\u00bb<\/a>.<\/p>\n","protected":false},"excerpt":{"rendered":"<p class=\"post-excerpt\">&nbsp; Garde d&rsquo;enfants Nous pouvons garder vos enfants pendant que vous participez \u00e0\u00a0 l&rsquo;une de nos activit\u00e9s : Conditions &amp;&hellip;<\/p>\n<div class=\"link-more\"><a href=\"https:\/\/www.babou-plongee.com\/blog\/activite-services\/\">Continue reading<span class=\"screen-reader-text\"> \"Services &#038; Commodit\u00e9s\"<\/span>&hellip;<\/a><\/div>","protected":false},"author":1,"featured_media":5242,"parent":0,"menu_order":0,"comment_status":"closed","ping_status":"closed","template":"","meta":{"_seopress_robots_primary_cat":"","_seopress_titles_title":"","_seopress_titles_desc":"","_seopress_robots_index":"","footnotes":""},"class_list":["post-134","page","type-page","status-publish","has-post-thumbnail","hentry"],"_links":{"self":[{"href":"https:\/\/www.babou-plongee.com\/blog\/wp-json\/wp\/v2\/pages\/134"}],"collection":[{"href":"https:\/\/www.babou-plongee.com\/blog\/wp-json\/wp\/v2\/pages"}],"about":[{"href":"https:\/\/www.babou-plongee.com\/blog\/wp-json\/wp\/v2\/types\/page"}],"author":[{"embeddable":true,"href":"https:\/\/www.babou-plongee.com\/blog\/wp-json\/wp\/v2\/users\/1"}],"replies":[{"embeddable":true,"href":"https:\/\/www.babou-plongee.com\/blog\/wp-json\/wp\/v2\/comments?post=134"}],"version-history":[{"count":4,"href":"https:\/\/www.babou-plongee.com\/blog\/wp-json\/wp\/v2\/pages\/134\/revisions"}],"predecessor-version":[{"id":3524,"href":"https:\/\/www.babou-plongee.com\/blog\/wp-json\/wp\/v2\/pages\/134\/revisions\/3524"}],"wp:featuredmedia":[{"embeddable":true,"href":"https:\/\/www.babou-plongee.com\/blog\/wp-json\/wp\/v2\/media\/5242"}],"wp:attachment":[{"href":"https:\/\/www.babou-plongee.com\/blog\/wp-json\/wp\/v2\/media?parent=134"}],"curies":[{"name":"wp","href":"https:\/\/api.w.org\/{rel}","templated":true}]}}