{"id":1226,"date":"2017-11-08T15:09:16","date_gmt":"2017-11-08T04:09:16","guid":{"rendered":"http:\/\/www.babou-plongee.com\/blog\/?page_id=1226"},"modified":"2025-02-09T19:10:49","modified_gmt":"2025-02-09T08:10:49","slug":"qr-code","status":"publish","type":"page","link":"https:\/\/www.babou-plongee.com\/blog\/qr-code\/","title":{"rendered":"Codes QR :"},"content":{"rendered":"<h5 id=\"flashez-moi-avec-votre-lecteur\">Flashez-moi avec votre lecteur de QR Code <em>ou cliquez sur le lien <\/em>:<\/h5>\n<p>\u200b<\/p>\n<table style=\"width: 100.16%; height: 646px;\">\n<tbody>\n<tr>\n<td style=\"width: 110px;\"><a href=\"http:\/\/www.babou-plongee.com\" target=\"_blank\" rel=\"noopener\"><img alt=\"\" loading=\"lazy\" decoding=\"async\" class=\"alignnone wp-image-1233 size-full\" src=\"http:\/\/www.babou-plongee.com\/blog\/wp-content\/uploads\/2017\/11\/QRCode_Site_InternetBabou_Cote_Ocean.jpg\" alt=\"\" width=\"100\" height=\"100\" srcset=\"https:\/\/www.babou-plongee.com\/blog\/wp-content\/uploads\/2017\/11\/QRCode_Site_InternetBabou_Cote_Ocean.jpg 100w, https:\/\/www.babou-plongee.com\/blog\/wp-content\/uploads\/2017\/11\/QRCode_Site_InternetBabou_Cote_Ocean-50x50.jpg 50w\" sizes=\"(max-width: 100px) 100vw, 100px\" \/><\/a><\/td>\n<td><a href=\"http:\/\/www.babou-plongee.com\" target=\"_blank\" rel=\"noopener\">Mieux nous connaitre<\/a><\/td>\n<\/tr>\n<tr>\n<td style=\"width: 110px; height: 110px;\"><a href=\"http:\/\/www.babou-plongee.com\/blog\/\" target=\"_blank\" rel=\"noopener\"><img alt=\"\" loading=\"lazy\" decoding=\"async\" class=\"alignnone wp-image-1232 size-full\" src=\"http:\/\/www.babou-plongee.com\/blog\/wp-content\/uploads\/2017\/11\/Thumbnail_vertical_QRC_Babou_Cote_Ocean_Blog.jpg\" alt=\"\" width=\"100\" height=\"100\" srcset=\"https:\/\/www.babou-plongee.com\/blog\/wp-content\/uploads\/2017\/11\/Thumbnail_vertical_QRC_Babou_Cote_Ocean_Blog.jpg 100w, https:\/\/www.babou-plongee.com\/blog\/wp-content\/uploads\/2017\/11\/Thumbnail_vertical_QRC_Babou_Cote_Ocean_Blog-50x50.jpg 50w\" sizes=\"(max-width: 100px) 100vw, 100px\" \/><\/a><\/td>\n<td><a href=\"http:\/\/www.babou-plongee.com\/blog\/\" target=\"_blank\" rel=\"noopener\">Visitez notre blog<\/a><\/td>\n<\/tr>\n<tr>\n<td style=\"width: 110px; height: 110px;\"><a href=\"http:\/\/opn.to\/a\/PRWoL\" target=\"_blank\" rel=\"noopener\"><img alt=\"\" loading=\"lazy\" decoding=\"async\" class=\"alignnone wp-image-1320 size-full\" src=\"http:\/\/www.babou-plongee.com\/blog\/wp-content\/uploads\/2017\/11\/Unitag_QRCode_VCARD_BabouCoteOcean.jpg\" alt=\"\" width=\"100\" height=\"100\" srcset=\"https:\/\/www.babou-plongee.com\/blog\/wp-content\/uploads\/2017\/11\/Unitag_QRCode_VCARD_BabouCoteOcean.jpg 100w, https:\/\/www.babou-plongee.com\/blog\/wp-content\/uploads\/2017\/11\/Unitag_QRCode_VCARD_BabouCoteOcean-50x50.jpg 50w\" sizes=\"(max-width: 100px) 100vw, 100px\" \/><\/a><\/td>\n<td><a href=\"http:\/\/opn.to\/a\/PRWoL\" target=\"_blank\" rel=\"noopener\">Nous contacter (<em>et enregistrer nos coordonn\u00e9es &#8211; V-Card<\/em>)<\/a><\/td>\n<\/tr>\n<tr>\n<td><a href=\"https:\/\/www.tripadvisor.fr\/Attraction_Review-g1104719-d2346415-Reviews-Babou_Cote_Ocean-Hienghene_Grand_Terre.html\" target=\"_blank\" rel=\"noopener\"><img alt=\"\" loading=\"lazy\" decoding=\"async\" class=\"alignnone wp-image-1231 size-full\" src=\"http:\/\/www.babou-plongee.com\/blog\/wp-content\/uploads\/2017\/11\/QRCode_TripAdvisor_Babou_Cote_Ocean.jpg\" alt=\"\" width=\"100\" height=\"100\" srcset=\"https:\/\/www.babou-plongee.com\/blog\/wp-content\/uploads\/2017\/11\/QRCode_TripAdvisor_Babou_Cote_Ocean.jpg 100w, https:\/\/www.babou-plongee.com\/blog\/wp-content\/uploads\/2017\/11\/QRCode_TripAdvisor_Babou_Cote_Ocean-50x50.jpg 50w\" sizes=\"(max-width: 100px) 100vw, 100px\" \/><\/a><\/td>\n<td><a href=\"https:\/\/www.tripadvisor.fr\/Attraction_Review-g1104719-d2346415-Reviews-Babou_Cote_Ocean-Hienghene_Grand_Terre.html\" target=\"_blank\" rel=\"noopener\">Visitez notre page TripAdvisor (<em>et laissez nous un avis \ud83d\ude09\u00a0<\/em>\u00a0)<\/a><\/td>\n<\/tr>\n<tr>\n<td><a href=\"https:\/\/www.facebook.com\/BabouCoteOcean\/\" target=\"_blank\" rel=\"noopener\"><img alt=\"\" loading=\"lazy\" decoding=\"async\" class=\"alignnone wp-image-1229 size-full\" src=\"http:\/\/www.babou-plongee.com\/blog\/wp-content\/uploads\/2017\/11\/QRCode_Facebook_Babou_Cote_Ocean.jpg\" alt=\"\" width=\"100\" height=\"100\" srcset=\"https:\/\/www.babou-plongee.com\/blog\/wp-content\/uploads\/2017\/11\/QRCode_Facebook_Babou_Cote_Ocean.jpg 100w, https:\/\/www.babou-plongee.com\/blog\/wp-content\/uploads\/2017\/11\/QRCode_Facebook_Babou_Cote_Ocean-50x50.jpg 50w\" sizes=\"(max-width: 100px) 100vw, 100px\" \/><\/a><\/td>\n<td><a href=\"https:\/\/www.facebook.com\/BabouCoteOcean\/\" target=\"_blank\" rel=\"noopener\">\u00a0Visitez notre page FB<\/a><\/td>\n<\/tr>\n<tr>\n<td><\/td>\n<td><\/td>\n<\/tr>\n<tr>\n<td>\u00a0<a href=\"https:\/\/www.babou-plongee.com\/AppAndroid2022\/BabouCoteOcean.apk\"><img alt=\"\" loading=\"lazy\" decoding=\"async\" class=\"alignnone wp-image-3195 size-full\" src=\"http:\/\/www.babou-plongee.com\/blog\/wp-content\/uploads\/2022\/05\/Unitag_QRCode_AppAndroid2022.png\" alt=\"\" width=\"100\" height=\"100\" srcset=\"https:\/\/www.babou-plongee.com\/blog\/wp-content\/uploads\/2022\/05\/Unitag_QRCode_AppAndroid2022.png 100w, https:\/\/www.babou-plongee.com\/blog\/wp-content\/uploads\/2022\/05\/Unitag_QRCode_AppAndroid2022-50x50.png 50w\" sizes=\"(max-width: 100px) 100vw, 100px\" \/><\/a><\/td>\n<td><a href=\"https:\/\/www.babou-plongee.com\/AppAndroid2022\/BabouCoteOcean.apk\" target=\"_blank\" rel=\"noopener\">T\u00e9l\u00e9charger notre application<\/a> (<em>elle permet l&rsquo;acc\u00e8s \u00e0 nos coordonn\u00e9es, l&rsquo;appel direct par t\u00e9l\u00e9phone, le guidage GPS, l&rsquo;acc\u00e8s \u00e0 toutes les informations utiles pour organiser votre s\u00e9jour parmi nous, au Portfollio, \u00e0 notre blog, page Facebook, Twitter, et bien plus encore&#8230;<\/em>).<\/td>\n<\/tr>\n<\/tbody>\n<\/table>\n<p>&nbsp;<\/p>\n","protected":false},"excerpt":{"rendered":"<p class=\"post-excerpt\">Flashez-moi avec votre lecteur de QR Code ou cliquez sur le lien : \u200b Mieux nous connaitre Visitez notre blog&hellip;<\/p>\n<div class=\"link-more\"><a href=\"https:\/\/www.babou-plongee.com\/blog\/qr-code\/\">Continue reading<span class=\"screen-reader-text\"> \"Codes QR :\"<\/span>&hellip;<\/a><\/div>","protected":false},"author":1,"featured_media":0,"parent":0,"menu_order":0,"comment_status":"closed","ping_status":"closed","template":"","meta":{"_seopress_robots_primary_cat":"","_seopress_titles_title":"","_seopress_titles_desc":"","_seopress_robots_index":"","footnotes":""},"class_list":["post-1226","page","type-page","status-publish","hentry"],"_links":{"self":[{"href":"https:\/\/www.babou-plongee.com\/blog\/wp-json\/wp\/v2\/pages\/1226"}],"collection":[{"href":"https:\/\/www.babou-plongee.com\/blog\/wp-json\/wp\/v2\/pages"}],"about":[{"href":"https:\/\/www.babou-plongee.com\/blog\/wp-json\/wp\/v2\/types\/page"}],"author":[{"embeddable":true,"href":"https:\/\/www.babou-plongee.com\/blog\/wp-json\/wp\/v2\/users\/1"}],"replies":[{"embeddable":true,"href":"https:\/\/www.babou-plongee.com\/blog\/wp-json\/wp\/v2\/comments?post=1226"}],"version-history":[{"count":3,"href":"https:\/\/www.babou-plongee.com\/blog\/wp-json\/wp\/v2\/pages\/1226\/revisions"}],"predecessor-version":[{"id":4280,"href":"https:\/\/www.babou-plongee.com\/blog\/wp-json\/wp\/v2\/pages\/1226\/revisions\/4280"}],"wp:attachment":[{"href":"https:\/\/www.babou-plongee.com\/blog\/wp-json\/wp\/v2\/media?parent=1226"}],"curies":[{"name":"wp","href":"https:\/\/api.w.org\/{rel}","templated":true}]}}