{"id":1062,"date":"2017-12-09T21:38:07","date_gmt":"2017-12-09T10:38:07","guid":{"rendered":"http:\/\/www.babou-plongee.com\/blog\/?page_id=1062"},"modified":"2023-12-12T19:22:14","modified_gmt":"2023-12-12T08:22:14","slug":"paiement-davance-payplug","status":"publish","type":"page","link":"https:\/\/www.babou-plongee.com\/blog\/paiement-davance-payplug\/","title":{"rendered":"Paiement d&rsquo;avance &#8211; PayPlug"},"content":{"rendered":"<p>Nous sommes de plus en plus fr\u00e9quemment confront\u00e9s \u00e0 des annulations de derni\u00e8re minute trop\u00a0 souvent injustifi\u00e9es.<\/p>\n<p>En cons\u00e9quence nous avons d\u00fb nous r\u00e9soudre \u00e0 mettre en place un syst\u00e8me de r\u00e9servation par paiement anticip\u00e9.<\/p>\n<p>Bien entendu nos<strong> <a href=\"http:\/\/www.babou-plongee.com\/blog\/cgv\/\" target=\"_blank\" rel=\"noopener\" rel=\"nofollow\" >conditions g\u00e9n\u00e9rales de vente<\/a><\/strong> fixent les r\u00e8gles d&rsquo;\u00e9ventuels remboursements .<\/p>\n<hr \/>\n<p>La solution que nous avons privil\u00e9gi\u00e9e est la plateforme de paiements s\u00e9curis\u00e9s en ligne <strong>PayPlug<\/strong>.<\/p>\n<p>Le syst\u00e8me est particuli\u00e8rement simple :<\/p>\n<ul>\n<li>Nous vous adressons un premier mail r\u00e9capitulant le d\u00e9tail de votre r\u00e9servation.<br \/>\nIl comporte <strong><a href=\"http:\/\/www.babou-plongee.com\/blog\/cgv\/\" target=\"_blank\" rel=\"noopener\" rel=\"nofollow\" >un lien<\/a><\/strong> vers nos conditions g\u00e9n\u00e9rales de vente et <strong><a href=\"http:\/\/www.babou-plongee.com\/blog\/a-savoir-si-vous-devez-chez-nous\/\" target=\"_blank\" rel=\"noopener\" rel=\"nofollow\" >un lien<\/a> <\/strong>vers les informations utiles.<\/li>\n<\/ul>\n<p><span style=\"text-decoration: underline;\"><span style=\"font-size: 18pt;\"><strong><em>Exemple<\/em><\/strong><\/span><\/span>\u00a0:<br \/>\n<span style=\"color: #ff0000;\">Ceci est un simple exemple ; la demande de paiement qui vous concerne vous sera adress\u00e9e par mail \ud83d\ude09<\/span><\/p>\n<p><a href=\"https:\/\/i0.wp.com\/www.babou-plongee.com\/blog\/wp-content\/uploads\/2022\/05\/Paiement-0.jpg\" target=\"_blank\"  rel=\"nofollow\" ><img alt=\"\" loading=\"lazy\" decoding=\"async\" class=\"aligncenter wp-image-3185 size-full\" src=\"https:\/\/i0.wp.com\/www.babou-plongee.com\/blog\/wp-content\/uploads\/2022\/05\/Paiement-0.jpg?resize=504%2C781\" alt=\"\" width=\"504\" height=\"781\" srcset=\"https:\/\/i0.wp.com\/www.babou-plongee.com\/blog\/wp-content\/uploads\/2022\/05\/Paiement-0.jpg?w=504&amp;ssl=1 504w, https:\/\/i0.wp.com\/www.babou-plongee.com\/blog\/wp-content\/uploads\/2022\/05\/Paiement-0.jpg?resize=420%2C651&amp;ssl=1 420w\" sizes=\"(max-width: 504px) 100vw, 504px\" data-recalc-dims=\"1\" \/><\/a><\/p>\n<p>&nbsp;<\/p>\n<ul>\n<li>Vous recevez simultan\u00e9ment un deuxi\u00e8me mail contenant la demande de paiement correspondant aux prestations que vous avez r\u00e9serv\u00e9es.<\/li>\n<li>Vous constaterez une l\u00e9g\u00e8re diff\u00e9rence entre le tarif de nos prestations et le montant demand\u00e9 exprim\u00e9 en \u20acuros. Il s&rsquo;agit de frais de r\u00e9servation qui vous garantissent que la sortie se fera et que votre place y est bien r\u00e9serv\u00e9e.<\/li>\n<\/ul>\n<p style=\"padding-left: 60px;\"><span style=\"color: #ff0000;\"><em>Les montants sont exprim\u00e9s en \u20acuros mais sont automatiquement convertis, sans frais, dans la devise de tenue de votre compte &#8211; CFP si vous avez un compte cal\u00e9donien par exemple &#8230;\u00a0 <\/em>\ud83d\ude09<\/span><\/p>\n<p><a href=\"https:\/\/i0.wp.com\/www.babou-plongee.com\/blog\/wp-content\/uploads\/2022\/05\/Paiement-1.jpg\" target=\"_blank\"  rel=\"nofollow\" ><img alt=\"\" loading=\"lazy\" decoding=\"async\" class=\"size-full wp-image-3186 aligncenter\" src=\"https:\/\/i0.wp.com\/www.babou-plongee.com\/blog\/wp-content\/uploads\/2022\/05\/Paiement-1.jpg?resize=519%2C590\" alt=\"\" width=\"519\" height=\"590\" srcset=\"https:\/\/i0.wp.com\/www.babou-plongee.com\/blog\/wp-content\/uploads\/2022\/05\/Paiement-1.jpg?w=519&amp;ssl=1 519w, https:\/\/i0.wp.com\/www.babou-plongee.com\/blog\/wp-content\/uploads\/2022\/05\/Paiement-1.jpg?resize=420%2C477&amp;ssl=1 420w\" sizes=\"(max-width: 519px) 100vw, 519px\" data-recalc-dims=\"1\" \/><\/a><\/p>\n<p>&nbsp;<\/p>\n<ul>\n<li>Vous cliquez sur le bouton \u00ab\u00a0<em>Acc\u00e9der au paiement s\u00e9curis\u00e9<\/em>\u00ab\u00a0. Vous arrivez sur la page de paiement :<\/li>\n<\/ul>\n<p><a href=\"https:\/\/i0.wp.com\/www.babou-plongee.com\/blog\/wp-content\/uploads\/2022\/05\/Paiement-2.jpg\" target=\"_blank\"  rel=\"nofollow\" ><img alt=\"\" loading=\"lazy\" decoding=\"async\" class=\"size-full wp-image-3187 aligncenter\" src=\"https:\/\/i0.wp.com\/www.babou-plongee.com\/blog\/wp-content\/uploads\/2022\/05\/Paiement-2.jpg?resize=348%2C497\" alt=\"\" width=\"348\" height=\"497\" data-recalc-dims=\"1\" \/><\/a><\/p>\n<p>&nbsp;<\/p>\n<ul>\n<li>Vous rentrez les infos demand\u00e9es puis cliquez sur \u00ab\u00a0Payer\u00a0\u00bb et c&rsquo;est tout.<\/li>\n<\/ul>\n<p style=\"padding-left: 60px;\">\u25b2\u00a0 <em>Selon le montant, il vous sera demand\u00e9 de saisir les informations d&rsquo;authentification et de s\u00e9curit\u00e9 mises en place par votre banque (code <strong><a href=\"http:\/\/support.payplug.com\/customer\/fr\/portal\/articles\/1437676\" target=\"_blank\" rel=\"noopener\" rel=\"nofollow\" >3-D Secure<\/a><\/strong> re\u00e7u par SMS par exemple)<\/em>.<\/p>\n<p>Vous recevez imm\u00e9diatement la confirmation de la prise en compte de votre paiement :<\/p>\n<p><a href=\"https:\/\/i0.wp.com\/www.babou-plongee.com\/blog\/wp-content\/uploads\/2022\/05\/Paiement-3.jpg\" target=\"_blank\"  rel=\"nofollow\" ><img alt=\"\" loading=\"lazy\" decoding=\"async\" class=\"size-full wp-image-3188 aligncenter\" src=\"https:\/\/i0.wp.com\/www.babou-plongee.com\/blog\/wp-content\/uploads\/2022\/05\/Paiement-3.jpg?resize=353%2C227\" alt=\"\" width=\"353\" height=\"227\" data-recalc-dims=\"1\" \/><\/a><\/p>\n<p>&nbsp;<\/p>\n<ul style=\"list-style-type: disc;\">\n<li>Voici le re\u00e7u :<br \/>\n<a href=\"https:\/\/i0.wp.com\/www.babou-plongee.com\/blog\/wp-content\/uploads\/2022\/05\/Paiement-4.jpg\" target=\"_blank\"  rel=\"nofollow\" ><img alt=\"\" loading=\"lazy\" decoding=\"async\" class=\"size-full wp-image-3189 aligncenter\" src=\"https:\/\/i0.wp.com\/www.babou-plongee.com\/blog\/wp-content\/uploads\/2022\/05\/Paiement-4.jpg?resize=553%2C689\" alt=\"\" width=\"553\" height=\"689\" srcset=\"https:\/\/i0.wp.com\/www.babou-plongee.com\/blog\/wp-content\/uploads\/2022\/05\/Paiement-4.jpg?w=553&amp;ssl=1 553w, https:\/\/i0.wp.com\/www.babou-plongee.com\/blog\/wp-content\/uploads\/2022\/05\/Paiement-4.jpg?resize=420%2C523&amp;ssl=1 420w\" sizes=\"(max-width: 553px) 100vw, 553px\" data-recalc-dims=\"1\" \/><\/a><\/li>\n<\/ul>\n<p>&nbsp;<\/p>\n<p style=\"padding-left: 60px;\"><span style=\"color: #ff0000;\">\u25b2\u00a0 En cas d&rsquo;\u00e9chec <em>(ou si vous pr\u00e9f\u00e9rez PayPal)\u00a0<\/em>il vous reste la possibilit\u00e9 de nous r\u00e9gler le montant demand\u00e9 en utilisant ce lien <em>:<\/em><\/span><strong><em>\u00a0<\/em><\/strong><a href=\"http:\/\/paypal.me\/BabouCoteOcean\" target=\"_blank\" rel=\"noopener\" rel=\"nofollow\" >paypal.me\/BabouCoteOcean<\/a><\/p>\n<p>&nbsp;<\/p>\n<p><strong>NB<\/strong> : <em>Nous vous pr\u00e9cisons que la r\u00e9servation n&rsquo;est pas strictement obligatoire mais qu&rsquo;\u00e0 d\u00e9faut vous ne conservez aucune garantie, ni priorit\u00e9 \u00e0 l&#8217;embarquement.<\/em><\/p>\n<p><strong>NB<\/strong> : <i>Si vous avez des coupons de remise (Passeport Gourmand, carte Plong\u00e9e +, &#8230;) Nous vous rembourserons, sur place, le montant de la remise sur pr\u00e9sentation des justificatifs.<\/i><\/p>\n<p><strong>NB<\/strong> : <em>An\u00e9mone DEMER est notre meilleure cliente.<\/em>\u00a0Hahaha !!!<\/p>\n","protected":false},"excerpt":{"rendered":"<div class=\"entry-summary\">\nNous sommes de plus en plus fr\u00e9quemment confront\u00e9s \u00e0 des annulations de derni\u00e8re minute trop\u00a0 souvent injustifi\u00e9es. En cons\u00e9quence nous&hellip;\n<\/div>\n<div class=\"link-more\"><a href=\"https:\/\/www.babou-plongee.com\/blog\/paiement-davance-payplug\/\" class=\"more-link\">Voir la suite<span class=\"screen-reader-text\"> &ldquo;Paiement d&rsquo;avance &#8211; PayPlug&rdquo;<\/span>&hellip;<\/a><\/div>\n","protected":false},"author":1,"featured_media":0,"parent":0,"menu_order":0,"comment_status":"closed","ping_status":"closed","template":"","meta":{"_seopress_robots_primary_cat":"","_seopress_titles_title":"","_seopress_titles_desc":"","_seopress_robots_index":"","footnotes":""},"class_list":["post-1062","page","type-page","status-publish","hentry","entry"],"jetpack_sharing_enabled":true,"_links":{"self":[{"href":"https:\/\/www.babou-plongee.com\/blog\/wp-json\/wp\/v2\/pages\/1062"}],"collection":[{"href":"https:\/\/www.babou-plongee.com\/blog\/wp-json\/wp\/v2\/pages"}],"about":[{"href":"https:\/\/www.babou-plongee.com\/blog\/wp-json\/wp\/v2\/types\/page"}],"author":[{"embeddable":true,"href":"https:\/\/www.babou-plongee.com\/blog\/wp-json\/wp\/v2\/users\/1"}],"replies":[{"embeddable":true,"href":"https:\/\/www.babou-plongee.com\/blog\/wp-json\/wp\/v2\/comments?post=1062"}],"version-history":[{"count":3,"href":"https:\/\/www.babou-plongee.com\/blog\/wp-json\/wp\/v2\/pages\/1062\/revisions"}],"predecessor-version":[{"id":3190,"href":"https:\/\/www.babou-plongee.com\/blog\/wp-json\/wp\/v2\/pages\/1062\/revisions\/3190"}],"wp:attachment":[{"href":"https:\/\/www.babou-plongee.com\/blog\/wp-json\/wp\/v2\/media?parent=1062"}],"curies":[{"name":"wp","href":"https:\/\/api.w.org\/{rel}","templated":true}]}}